{"id":7979,"date":"2015-07-01T19:50:39","date_gmt":"2015-07-01T19:50:39","guid":{"rendered":"https:\/\/aggressiveeng.com\/contacta-con-nosotros\/"},"modified":"2024-09-09T16:30:31","modified_gmt":"2024-09-09T16:30:31","slug":"contacta-con-nosotros","status":"publish","type":"page","link":"https:\/\/aggressiveeng.com\/es\/contacta-con-nosotros\/","title":{"rendered":"Contacta con nosotros"},"content":{"rendered":"<p><div class=\"fusion-bg-parallax\" data-bg-align=\"right center\" data-direction=\"up\" data-mute=\"false\" data-opacity=\"100\" data-velocity=\"-0.4\" data-mobile-enabled=\"false\" data-break_parents=\"0\" data-bg-image=\"https:\/\/aggressiveeng.com\/wp-content\/uploads\/2020\/12\/contactP1010074.jpg\" data-bg-repeat=\"false\" data-bg-color=\"#000000\" ><\/div><div class=\"fusion-fullwidth fullwidth-box fusion-builder-row-1 fusion-flex-container fusion-parallax-up nonhundred-percent-fullwidth non-hundred-percent-height-scrolling\" style=\"--awb-background-position:right center;--awb-border-sizes-top:0px;--awb-border-sizes-bottom:0px;--awb-border-sizes-left:0px;--awb-border-sizes-right:0px;--awb-border-color:#ffffff;--awb-border-radius-top-left:0px;--awb-border-radius-top-right:0px;--awb-border-radius-bottom-right:0px;--awb-border-radius-bottom-left:0px;--awb-padding-top:75px;--awb-padding-right:30px;--awb-padding-bottom:50px;--awb-padding-left:30px;--awb-padding-top-medium:72px;--awb-padding-bottom-medium:42px;--awb-background-color:#000000;--awb-background-image:url(&quot;https:\/\/aggressiveeng.com\/wp-content\/uploads\/2020\/12\/contactP1010074.jpg&quot;);--awb-background-size:cover;--awb-flex-wrap:wrap;\" ><div class=\"fusion-builder-row fusion-row fusion-flex-align-items-flex-start fusion-flex-content-wrap\" style=\"max-width:1216.8px;margin-left: calc(-4% \/ 2 );margin-right: calc(-4% \/ 2 );\"><div class=\"fusion-layout-column fusion_builder_column fusion-builder-column-0 fusion_builder_column_1_1 1_1 fusion-flex-column\" style=\"--awb-bg-size:cover;--awb-width-large:100%;--awb-margin-top-large:0px;--awb-spacing-right-large:1.92%;--awb-margin-bottom-large:20px;--awb-spacing-left-large:2.56%;--awb-width-medium:100%;--awb-spacing-right-medium:1.92%;--awb-spacing-left-medium:1.92%;--awb-width-small:100%;--awb-spacing-right-small:1.92%;--awb-spacing-left-small:1.92%;\"><div class=\"fusion-column-wrapper fusion-flex-justify-content-flex-start fusion-content-layout-column\"><div class=\"fusion-text fusion-text-1\" style=\"--awb-text-color:#ffffff;\"><h2 style=\"color: white; text-align: center;\">SOLICITAR PRESUPUESTO<\/h2>\n<\/div>\n<div class=\"wpcf7 no-js\" id=\"wpcf7-f8035-o1\" lang=\"es-ES\" dir=\"ltr\" data-wpcf7-id=\"8035\">\n<div class=\"screen-reader-response\"><p role=\"status\" aria-live=\"polite\" aria-atomic=\"true\"><\/p> <ul><\/ul><\/div>\n<form action=\"\/es\/wp-json\/wp\/v2\/pages\/7979#wpcf7-f8035-o1\" method=\"post\" class=\"wpcf7-form init\" aria-label=\"Formulario de contacto\" novalidate=\"novalidate\" data-status=\"init\">\n<fieldset class=\"hidden-fields-container\"><input type=\"hidden\" name=\"_wpcf7\" value=\"8035\" \/><input type=\"hidden\" name=\"_wpcf7_version\" value=\"6.1.5\" \/><input type=\"hidden\" name=\"_wpcf7_locale\" value=\"es_ES\" \/><input type=\"hidden\" name=\"_wpcf7_unit_tag\" value=\"wpcf7-f8035-o1\" \/><input type=\"hidden\" name=\"_wpcf7_container_post\" value=\"0\" \/><input type=\"hidden\" name=\"_wpcf7_posted_data_hash\" value=\"\" \/>\n<\/fieldset>\n<p><label style=\"color:white;\"> Tu nombre (obligatorio) <span class=\"wpcf7-form-control-wrap\" data-name=\"your-name\"><input size=\"40\" maxlength=\"400\" class=\"wpcf7-form-control wpcf7-text wpcf7-validates-as-required\" aria-required=\"true\" aria-invalid=\"false\" value=\"\" type=\"text\" name=\"your-name\" \/><\/span> <\/label>\n<\/p>\n<p><label style=\"color:white;\"> Tu correo electr\u00f3nico (obligatorio) <span class=\"wpcf7-form-control-wrap\" data-name=\"email-420\"><input size=\"40\" maxlength=\"400\" class=\"wpcf7-form-control wpcf7-email wpcf7-validates-as-required wpcf7-text wpcf7-validates-as-email\" aria-required=\"true\" aria-invalid=\"false\" value=\"\" type=\"email\" name=\"email-420\" \/><\/span><\/label>\n<\/p>\n<p><label style=\"color:white;\"> Asunto <span class=\"wpcf7-form-control-wrap\" data-name=\"your-subject\"><input size=\"40\" maxlength=\"400\" class=\"wpcf7-form-control wpcf7-text\" aria-invalid=\"false\" value=\"\" type=\"text\" name=\"your-subject\" \/><\/span> <\/label>\n<\/p>\n<p><label style=\"color:white;\"> Tu mensaje <span class=\"wpcf7-form-control-wrap\" data-name=\"your-message\"><textarea cols=\"40\" rows=\"10\" maxlength=\"2000\" class=\"wpcf7-form-control wpcf7-textarea\" aria-invalid=\"false\" name=\"your-message\"><\/textarea><\/span> <\/label>\n<\/p>\n<p><input class=\"wpcf7-form-control wpcf7-submit has-spinner\" type=\"submit\" value=\"Env\u00eda\" \/>\n<\/p><div class=\"fusion-alert alert custom alert-custom fusion-alert-center wpcf7-response-output fusion-alert-capitalize awb-alert-native-link-color alert-dismissable awb-alert-close-boxed\" style=\"--awb-border-size:1px;--awb-border-top-left-radius:0px;--awb-border-top-right-radius:0px;--awb-border-bottom-left-radius:0px;--awb-border-bottom-right-radius:0px;\" role=\"alert\"><div class=\"fusion-alert-content-wrapper\"><span class=\"fusion-alert-content\"><\/span><\/div><button type=\"button\" class=\"close toggle-alert\" data-dismiss=\"alert\" aria-label=\"Close\">&times;<\/button><\/div>\n<\/form>\n<\/div>\n<\/div><\/div><\/div><\/div><div class=\"fusion-fullwidth fullwidth-box fusion-builder-row-2 fusion-flex-container nonhundred-percent-fullwidth non-hundred-percent-height-scrolling\" style=\"--awb-border-radius-top-left:0px;--awb-border-radius-top-right:0px;--awb-border-radius-bottom-right:0px;--awb-border-radius-bottom-left:0px;--awb-padding-top:70px;--awb-padding-bottom:25px;--awb-background-color:#ffffff;--awb-flex-wrap:wrap;\" ><div class=\"fusion-builder-row fusion-row fusion-flex-align-items-flex-start fusion-flex-content-wrap\" style=\"max-width:1216.8px;margin-left: calc(-4% \/ 2 );margin-right: calc(-4% \/ 2 );\"><div class=\"fusion-layout-column fusion_builder_column fusion-builder-column-1 fusion_builder_column_1_3 1_3 fusion-flex-column\" style=\"--awb-bg-size:cover;--awb-width-large:33.333333333333%;--awb-margin-top-large:0px;--awb-spacing-right-large:5.76%;--awb-margin-bottom-large:20px;--awb-spacing-left-large:5.76%;--awb-width-medium:100%;--awb-order-medium:0;--awb-spacing-right-medium:1.92%;--awb-spacing-left-medium:1.92%;--awb-width-small:100%;--awb-order-small:0;--awb-spacing-right-small:1.92%;--awb-spacing-left-small:1.92%;\"><div class=\"fusion-column-wrapper fusion-column-has-shadow fusion-flex-justify-content-flex-start fusion-content-layout-column\"><div class=\"fusion-image-element \" style=\"--awb-margin-right:30px;--awb-margin-left:30px;--awb-caption-title-font-family:var(--h2_typography-font-family);--awb-caption-title-font-weight:var(--h2_typography-font-weight);--awb-caption-title-font-style:var(--h2_typography-font-style);--awb-caption-title-size:var(--h2_typography-font-size);--awb-caption-title-transform:var(--h2_typography-text-transform);--awb-caption-title-line-height:var(--h2_typography-line-height);--awb-caption-title-letter-spacing:var(--h2_typography-letter-spacing);\"><span class=\" fusion-imageframe imageframe-dropshadow imageframe-1 hover-type-none\" style=\"-webkit-box-shadow: 3px 3px 7px rgba(0,0,0,0.3);box-shadow: 3px 3px 7px rgba(0,0,0,0.3);\"><img decoding=\"async\" width=\"300\" height=\"225\" title=\"1buildingP1010146\" src=\"https:\/\/aggressiveeng.com\/wp-content\/uploads\/2020\/12\/1buildingP1010146-300x225.jpg\" alt class=\"img-responsive wp-image-7916\" srcset=\"https:\/\/aggressiveeng.com\/wp-content\/uploads\/2020\/12\/1buildingP1010146-200x150.jpg 200w, https:\/\/aggressiveeng.com\/wp-content\/uploads\/2020\/12\/1buildingP1010146-400x300.jpg 400w, https:\/\/aggressiveeng.com\/wp-content\/uploads\/2020\/12\/1buildingP1010146-600x450.jpg 600w, https:\/\/aggressiveeng.com\/wp-content\/uploads\/2020\/12\/1buildingP1010146-800x600.jpg 800w, https:\/\/aggressiveeng.com\/wp-content\/uploads\/2020\/12\/1buildingP1010146.jpg 900w\" sizes=\"(max-width: 1024px) 100vw, (max-width: 850px) 100vw, 400px\" \/><\/span><\/div><div class=\"fusion-separator fusion-full-width-sep\" style=\"align-self: center;margin-left: auto;margin-right: auto;margin-top:70px;width:100%;\"><\/div><div class=\"fusion-text fusion-text-2\" style=\"--awb-text-transform:none;--awb-margin-right:30px;--awb-margin-left:30px;\"><div class=\"heading heading-with-icon icon-left\">\n<h2 class=\"content-box-heading\">INGENIER\u00cdA AGRESIVA<\/h2>\n<\/div>\n<div class=\"content-container\">  2161 107th Lane NE Minneapolis, MN 55449  <\/div>\n<div class=\"fusion-clearfix\">Jesse Diedrich &#8211; Presidente<\/div>\n<p><a href=\"tel:7637861663\"><span class=\"lmc_01246605\">  (763) 786-1663  <\/span><\/a><\/p>\n<\/div><\/div><\/div><div class=\"fusion-layout-column fusion_builder_column fusion-builder-column-2 fusion_builder_column_2_3 2_3 fusion-flex-column\" style=\"--awb-bg-size:cover;--awb-width-large:66.666666666667%;--awb-margin-top-large:0px;--awb-spacing-right-large:2.88%;--awb-margin-bottom-large:20px;--awb-spacing-left-large:2.88%;--awb-width-medium:100%;--awb-order-medium:0;--awb-spacing-right-medium:1.92%;--awb-spacing-left-medium:1.92%;--awb-width-small:100%;--awb-order-small:0;--awb-spacing-right-small:1.92%;--awb-spacing-left-small:1.92%;\"><div class=\"fusion-column-wrapper fusion-column-has-shadow fusion-flex-justify-content-flex-start fusion-content-layout-column\"><iframe src=\"https:\/\/www.google.com\/maps\/embed?pb=!1m18!1m12!1m3!1d11252.284318633025!2d-93.21577999676005!3d45.16541049529756!2m3!1f0!2f0!3f0!3m2!1i1024!2i768!4f13.1!3m3!1m2!1s0x52b3241147e1a26d:0x213866dd3033433!2s2161%20107th%20Ln%20NE,%20Blaine,%20MN%2055449!5e0!3m2!1sen!2sus!4v1607452808276!5m2!1sen!2sus\" width=\"800px\" height=\"600px\" frameborder=\"\" style=\"border:0;\" allowfullscreen=\"\" aria-hidden=\"false\" tabindex=\"0\"><\/iframe><\/div><\/div><\/div><\/div><\/p>\n","protected":false},"excerpt":{"rendered":"","protected":false},"author":1,"featured_media":0,"parent":0,"menu_order":0,"comment_status":"closed","ping_status":"open","template":"100-width.php","meta":{"footnotes":""},"class_list":["post-7979","page","type-page","status-publish","hentry"],"yoast_head":"<!-- This site is optimized with the Yoast SEO plugin v27.3 - https:\/\/yoast.com\/product\/yoast-seo-wordpress\/ -->\n<title>Aggressive Engineering | Fabricante de troqueles de precisi\u00f3n | Solicita presupuesto | Minneapolis<\/title>\n<meta name=\"description\" content=\"Ponte en contacto con Ingenier\u00eda Agresiva para colaborar en tu pr\u00f3ximo proyecto.\" \/>\n<meta name=\"robots\" content=\"index, follow, max-snippet:-1, max-image-preview:large, max-video-preview:-1\" \/>\n<link rel=\"canonical\" href=\"https:\/\/aggressiveeng.com\/es\/contacta-con-nosotros\/\" \/>\n<meta property=\"og:locale\" content=\"es_ES\" \/>\n<meta property=\"og:type\" content=\"article\" \/>\n<meta property=\"og:title\" content=\"Aggressive Engineering | Fabricante de troqueles de precisi\u00f3n | Solicita presupuesto | Minneapolis\" \/>\n<meta property=\"og:description\" content=\"Ponte en contacto con Ingenier\u00eda Agresiva para colaborar en tu pr\u00f3ximo proyecto.\" \/>\n<meta property=\"og:url\" content=\"https:\/\/aggressiveeng.com\/es\/contacta-con-nosotros\/\" \/>\n<meta property=\"og:site_name\" content=\"Aggressive Engineering\" \/>\n<meta property=\"article:modified_time\" content=\"2024-09-09T16:30:31+00:00\" \/>\n<meta name=\"twitter:card\" content=\"summary_large_image\" \/>\n<meta name=\"twitter:label1\" content=\"Tiempo de lectura\" \/>\n\t<meta name=\"twitter:data1\" content=\"9 minutos\" \/>\n<script type=\"application\/ld+json\" class=\"yoast-schema-graph\">{\"@context\":\"https:\\\/\\\/schema.org\",\"@graph\":[{\"@type\":\"WebPage\",\"@id\":\"https:\\\/\\\/aggressiveeng.com\\\/es\\\/contacta-con-nosotros\\\/\",\"url\":\"https:\\\/\\\/aggressiveeng.com\\\/es\\\/contacta-con-nosotros\\\/\",\"name\":\"Aggressive Engineering | Fabricante de troqueles de precisi\u00f3n | Solicita presupuesto | Minneapolis\",\"isPartOf\":{\"@id\":\"https:\\\/\\\/aggressiveeng.com\\\/#website\"},\"datePublished\":\"2015-07-01T19:50:39+00:00\",\"dateModified\":\"2024-09-09T16:30:31+00:00\",\"description\":\"Ponte en contacto con Ingenier\u00eda Agresiva para colaborar en tu pr\u00f3ximo proyecto.\",\"breadcrumb\":{\"@id\":\"https:\\\/\\\/aggressiveeng.com\\\/es\\\/contacta-con-nosotros\\\/#breadcrumb\"},\"inLanguage\":\"es\",\"potentialAction\":[{\"@type\":\"ReadAction\",\"target\":[\"https:\\\/\\\/aggressiveeng.com\\\/es\\\/contacta-con-nosotros\\\/\"]}]},{\"@type\":\"BreadcrumbList\",\"@id\":\"https:\\\/\\\/aggressiveeng.com\\\/es\\\/contacta-con-nosotros\\\/#breadcrumb\",\"itemListElement\":[{\"@type\":\"ListItem\",\"position\":1,\"name\":\"Home\",\"item\":\"https:\\\/\\\/aggressiveeng.com\\\/es\\\/inicio\\\/\"},{\"@type\":\"ListItem\",\"position\":2,\"name\":\"Contacta con nosotros\"}]},{\"@type\":\"WebSite\",\"@id\":\"https:\\\/\\\/aggressiveeng.com\\\/#website\",\"url\":\"https:\\\/\\\/aggressiveeng.com\\\/\",\"name\":\"Aggressive Engineering\",\"description\":\"Precision Diemakers\",\"potentialAction\":[{\"@type\":\"SearchAction\",\"target\":{\"@type\":\"EntryPoint\",\"urlTemplate\":\"https:\\\/\\\/aggressiveeng.com\\\/?s={search_term_string}\"},\"query-input\":{\"@type\":\"PropertyValueSpecification\",\"valueRequired\":true,\"valueName\":\"search_term_string\"}}],\"inLanguage\":\"es\"}]}<\/script>\n<!-- \/ Yoast SEO plugin. -->","yoast_head_json":{"title":"Aggressive Engineering | Fabricante de troqueles de precisi\u00f3n | Solicita presupuesto | Minneapolis","description":"Ponte en contacto con Ingenier\u00eda Agresiva para colaborar en tu pr\u00f3ximo proyecto.","robots":{"index":"index","follow":"follow","max-snippet":"max-snippet:-1","max-image-preview":"max-image-preview:large","max-video-preview":"max-video-preview:-1"},"canonical":"https:\/\/aggressiveeng.com\/es\/contacta-con-nosotros\/","og_locale":"es_ES","og_type":"article","og_title":"Aggressive Engineering | Fabricante de troqueles de precisi\u00f3n | Solicita presupuesto | Minneapolis","og_description":"Ponte en contacto con Ingenier\u00eda Agresiva para colaborar en tu pr\u00f3ximo proyecto.","og_url":"https:\/\/aggressiveeng.com\/es\/contacta-con-nosotros\/","og_site_name":"Aggressive Engineering","article_modified_time":"2024-09-09T16:30:31+00:00","twitter_card":"summary_large_image","twitter_misc":{"Tiempo de lectura":"9 minutos"},"schema":{"@context":"https:\/\/schema.org","@graph":[{"@type":"WebPage","@id":"https:\/\/aggressiveeng.com\/es\/contacta-con-nosotros\/","url":"https:\/\/aggressiveeng.com\/es\/contacta-con-nosotros\/","name":"Aggressive Engineering | Fabricante de troqueles de precisi\u00f3n | Solicita presupuesto | Minneapolis","isPartOf":{"@id":"https:\/\/aggressiveeng.com\/#website"},"datePublished":"2015-07-01T19:50:39+00:00","dateModified":"2024-09-09T16:30:31+00:00","description":"Ponte en contacto con Ingenier\u00eda Agresiva para colaborar en tu pr\u00f3ximo proyecto.","breadcrumb":{"@id":"https:\/\/aggressiveeng.com\/es\/contacta-con-nosotros\/#breadcrumb"},"inLanguage":"es","potentialAction":[{"@type":"ReadAction","target":["https:\/\/aggressiveeng.com\/es\/contacta-con-nosotros\/"]}]},{"@type":"BreadcrumbList","@id":"https:\/\/aggressiveeng.com\/es\/contacta-con-nosotros\/#breadcrumb","itemListElement":[{"@type":"ListItem","position":1,"name":"Home","item":"https:\/\/aggressiveeng.com\/es\/inicio\/"},{"@type":"ListItem","position":2,"name":"Contacta con nosotros"}]},{"@type":"WebSite","@id":"https:\/\/aggressiveeng.com\/#website","url":"https:\/\/aggressiveeng.com\/","name":"Aggressive Engineering","description":"Precision Diemakers","potentialAction":[{"@type":"SearchAction","target":{"@type":"EntryPoint","urlTemplate":"https:\/\/aggressiveeng.com\/?s={search_term_string}"},"query-input":{"@type":"PropertyValueSpecification","valueRequired":true,"valueName":"search_term_string"}}],"inLanguage":"es"}]}},"_links":{"self":[{"href":"https:\/\/aggressiveeng.com\/es\/wp-json\/wp\/v2\/pages\/7979","targetHints":{"allow":["GET"]}}],"collection":[{"href":"https:\/\/aggressiveeng.com\/es\/wp-json\/wp\/v2\/pages"}],"about":[{"href":"https:\/\/aggressiveeng.com\/es\/wp-json\/wp\/v2\/types\/page"}],"author":[{"embeddable":true,"href":"https:\/\/aggressiveeng.com\/es\/wp-json\/wp\/v2\/users\/1"}],"replies":[{"embeddable":true,"href":"https:\/\/aggressiveeng.com\/es\/wp-json\/wp\/v2\/comments?post=7979"}],"version-history":[{"count":0,"href":"https:\/\/aggressiveeng.com\/es\/wp-json\/wp\/v2\/pages\/7979\/revisions"}],"wp:attachment":[{"href":"https:\/\/aggressiveeng.com\/es\/wp-json\/wp\/v2\/media?parent=7979"}],"curies":[{"name":"wp","href":"https:\/\/api.w.org\/{rel}","templated":true}]}}