{"id":7980,"date":"2022-01-03T20:29:04","date_gmt":"2022-01-03T20:29:04","guid":{"rendered":"https:\/\/aggressiveeng.com\/devolver\/"},"modified":"2024-10-31T18:26:57","modified_gmt":"2024-10-31T18:26:57","slug":"devolver","status":"publish","type":"page","link":"https:\/\/aggressiveeng.com\/es\/devolver\/","title":{"rendered":"DEVOLVER"},"content":{"rendered":"<div class=\"fusion-fullwidth fullwidth-box fusion-builder-row-1 fusion-flex-container nonhundred-percent-fullwidth non-hundred-percent-height-scrolling\" style=\"--awb-border-radius-top-left:0px;--awb-border-radius-top-right:0px;--awb-border-radius-bottom-right:0px;--awb-border-radius-bottom-left:0px;--awb-background-color:rgba(255,255,255,0);--awb-flex-wrap:wrap;\" ><div class=\"fusion-builder-row fusion-row fusion-flex-align-items-flex-start fusion-flex-content-wrap\" style=\"max-width:1216.8px;margin-left: calc(-4% \/ 2 );margin-right: calc(-4% \/ 2 );\"><div class=\"fusion-layout-column fusion_builder_column fusion-builder-column-0 fusion_builder_column_1_1 1_1 fusion-flex-column\" style=\"--awb-bg-size:cover;--awb-width-large:100%;--awb-margin-top-large:0px;--awb-spacing-right-large:1.92%;--awb-margin-bottom-large:20px;--awb-spacing-left-large:1.92%;--awb-width-medium:100%;--awb-order-medium:0;--awb-spacing-right-medium:1.92%;--awb-spacing-left-medium:1.92%;--awb-width-small:100%;--awb-order-small:0;--awb-spacing-right-small:1.92%;--awb-spacing-left-small:1.92%;\"><div class=\"fusion-column-wrapper fusion-column-has-shadow fusion-flex-justify-content-flex-start fusion-content-layout-column\"><div class=\"fusion-blog-shortcode fusion-blog-shortcode-1 fusion-blog-archive fusion-blog-layout-medium fusion-blog-no\"><div class=\"fusion-posts-container fusion-posts-container-no fusion-blog-rollover\" data-pages=\"0\"><article id=\"blog-1-post-8527\" class=\"fusion-post-medium post-8527 post type-post status-publish format-standard has-post-thumbnail hentry category-devolver\">\n\t<style type=\"text\/css\">\n\t\t\n\t\t\n\t\t\n\t\t\n\t\t\t<\/style>\n\n\n\t\t\t<div class=\"fusion-flexslider flexslider fusion-flexslider-loading fusion-post-slideshow\" style=\"\">\n\t\t<ul class=\"slides\">\n\t\t\t\n\t\t\t\t\t\t\t\t\t\t\t\t\t\t<li><div  class=\"fusion-image-wrapper fusion-image-size-fixed\" aria-haspopup=\"true\">\n\t\t\t\t<img decoding=\"async\" width=\"320\" height=\"202\" src=\"https:\/\/aggressiveeng.com\/wp-content\/uploads\/2024\/10\/roboticsweb-320x202.jpg\" class=\"attachment-blog-medium size-blog-medium wp-post-image\" alt=\"Blaine Robotics Team Robot at Aggressive Engineering\" \/><div class=\"fusion-rollover\">\n\t<div class=\"fusion-rollover-content\">\n\n\t\t\t\t\t\t\t\t\t\t\t\t\t\t<a class=\"fusion-rollover-link\" href=\"https:\/\/aggressiveeng.com\/es\/aggressive-engineering-apoya-el-futuro-de-la-robotica-con-el-equipo-de-robotica-del-instituto-blaine-high-school\/\">Aggressive Engineering apoya el futuro de la rob\u00f3tica con el equipo de rob\u00f3tica del instituto Blaine High School<\/a>\n\t\t\t\n\t\t\t\t\t\t\t\t\t\t\t\t\t\t\n\t\t\t\t\t\t\t\t\n\t\t\t\t\t\t\t\t\t\t\t\t\t<div class=\"fusion-rollover-sep\"><\/div>\n\t\t\t\t\n\t\t\t\t\t\t\t\t\t\t\t\t\t\t\t\t\t\t<a class=\"fusion-rollover-gallery\" href=\"https:\/\/aggressiveeng.com\/wp-content\/uploads\/2024\/10\/roboticsweb.jpg\" data-options=\"\" data-id=\"8527\" data-rel=\"iLightbox[gallery]\" data-title=\"roboticsweb\" data-caption=\"\">\n\t\t\t\t\t\tGallery\t\t\t\t\t<\/a>\n\t\t\t\t\t\t\t\t\t\t\t\t\t\t\n\t\t\n\t\t\t\t\t\t\t\t\t\t\t\t<h4 class=\"fusion-rollover-title\">\n\t\t\t\t\t<a class=\"fusion-rollover-title-link\" href=\"https:\/\/aggressiveeng.com\/es\/aggressive-engineering-apoya-el-futuro-de-la-robotica-con-el-equipo-de-robotica-del-instituto-blaine-high-school\/\">\n\t\t\t\t\t\tAggressive Engineering apoya el futuro de la rob\u00f3tica con el equipo de rob\u00f3tica del instituto Blaine High School\t\t\t\t\t<\/a>\n\t\t\t\t<\/h4>\n\t\t\t\n\t\t\t\t\t\t\t\t\t\t<div class=\"fusion-rollover-categories\"><a href=\"https:\/\/aggressiveeng.com\/es\/category\/devolver\/\" rel=\"tag\">Devolver<\/a><\/div>\t\t\t\t\t\n\t\t\n\t\t\t\t\t\t<a class=\"fusion-link-wrapper\" href=\"https:\/\/aggressiveeng.com\/es\/aggressive-engineering-apoya-el-futuro-de-la-robotica-con-el-equipo-de-robotica-del-instituto-blaine-high-school\/\" aria-label=\"Aggressive Engineering apoya el futuro de la rob\u00f3tica con el equipo de rob\u00f3tica del instituto Blaine High School\"><\/a>\n\t<\/div>\n<\/div>\n<\/div>\n<\/li>\n\t\t\t\n\t\t\t\n\t\t\t\t\t\t\t\t\t\t\t\t\t\t\t\t\t\t\t\t\t\t\t\t\t\t\t\t\t\t\t\t\t\t\t\t\t\t\t\t\t\t\t\t\t\t\t\t\t\t\t\t\t\t\t\t\t\t\t\t\t\t\t\t\t\t\t\t<\/ul>\n\t<\/div>\n\t<div class=\"fusion-post-content post-content\"><h2 class=\"blog-shortcode-post-title entry-title\">Aggressive Engineering apoya el futuro de la rob\u00f3tica con el equipo de rob\u00f3tica del instituto Blaine High School<\/h2><div class=\"fusion-post-content-container\"><p> En Aggressive Engineering, nos apasiona apoyar a la pr\u00f3xima generaci\u00f3n de innovadores. Por eso estamos orgullosos de patrocinar al equipo de rob\u00f3tica del instituto Blaine, el equipo FIRST Robotics 2181. Este talentoso equipo de estudiantes de secundaria [...]<\/p><\/div><\/div><div class=\"fusion-clearfix\"><\/div><div class=\"fusion-meta-info\"><div class=\"fusion-alignleft\">By <span class=\"vcard\"><span class=\"fn\"><a href=\"https:\/\/aggressiveeng.com\/es\/author\/aggressiveengineering\/\" title=\"Entradas de aggressiveengineering\" rel=\"author\">aggressiveengineering<\/a><\/span><\/span><span class=\"fusion-inline-sep\">|<\/span><span class=\"updated\" style=\"display:none;\">2024-10-31T18:13:59+00:00<\/span><span>octubre 31st, 2024<\/span><span class=\"fusion-inline-sep\">|<\/span><a href=\"https:\/\/aggressiveeng.com\/es\/category\/devolver\/\" rel=\"category tag\">Devolver<\/a><span class=\"fusion-inline-sep\">|<\/span><\/div><div class=\"fusion-alignright\"><a class=\"fusion-read-more\" href=\"https:\/\/aggressiveeng.com\/es\/aggressive-engineering-apoya-el-futuro-de-la-robotica-con-el-equipo-de-robotica-del-instituto-blaine-high-school\/\" aria-label=\"More on Aggressive Engineering apoya el futuro de la rob\u00f3tica con el equipo de rob\u00f3tica del instituto Blaine High School\">Read More<\/a><\/div><\/div><\/article>\n<\/div><\/div><\/div><\/div><div class=\"fusion-layout-column fusion_builder_column fusion-builder-column-1 fusion_builder_column_1_1 1_1 fusion-flex-column\" style=\"--awb-bg-size:cover;--awb-width-large:100%;--awb-margin-top-large:0px;--awb-spacing-right-large:1.92%;--awb-margin-bottom-large:20px;--awb-spacing-left-large:1.92%;--awb-width-medium:100%;--awb-order-medium:0;--awb-spacing-right-medium:1.92%;--awb-spacing-left-medium:1.92%;--awb-width-small:100%;--awb-order-small:0;--awb-spacing-right-small:1.92%;--awb-spacing-left-small:1.92%;\"><div class=\"fusion-column-wrapper fusion-column-has-shadow fusion-flex-justify-content-flex-start fusion-content-layout-column\"><div class=\"fusion-text fusion-text-1\" style=\"--awb-text-transform:none;\"><p>Como peque\u00f1a empresa de propiedad cristiana, te pedimos que consideres la posibilidad de ayudar a los necesitados, independientemente de tu afiliaci\u00f3n religiosa. A continuaci\u00f3n encontrar\u00e1s algunas organizaciones incre\u00edbles que marcan una verdadera diferencia en innumerables vidas de todo el mundo. <\/p>\n<blockquote>\n<p>Quien siembra escasamente, tambi\u00e9n cosechar\u00e1 escasamente, y quien siembra generosamente, tambi\u00e9n cosechar\u00e1 generosamente. &#8211; <a href=\"https:\/\/www.biblestudytools.com\/2-corinthians\/9-6.html\"><strong><em style=\"color: black;\">2 Corintios 9:6<\/em><\/strong><\/a> <\/p>\n<\/blockquote>\n<\/div><\/div><\/div><div class=\"fusion-layout-column fusion_builder_column fusion-builder-column-2 fusion_builder_column_1_3 1_3 fusion-flex-column\" style=\"--awb-bg-size:cover;--awb-width-large:33.333333333333%;--awb-margin-top-large:0px;--awb-spacing-right-large:5.76%;--awb-margin-bottom-large:20px;--awb-spacing-left-large:5.76%;--awb-width-medium:100%;--awb-order-medium:0;--awb-spacing-right-medium:1.92%;--awb-spacing-left-medium:1.92%;--awb-width-small:100%;--awb-order-small:0;--awb-spacing-right-small:1.92%;--awb-spacing-left-small:1.92%;\"><div class=\"fusion-column-wrapper fusion-column-has-shadow fusion-flex-justify-content-flex-start fusion-content-layout-column\"><div class=\"fusion-image-element \" style=\"--awb-margin-bottom:20px;--awb-caption-title-font-family:var(--h2_typography-font-family);--awb-caption-title-font-weight:var(--h2_typography-font-weight);--awb-caption-title-font-style:var(--h2_typography-font-style);--awb-caption-title-size:var(--h2_typography-font-size);--awb-caption-title-transform:var(--h2_typography-text-transform);--awb-caption-title-line-height:var(--h2_typography-line-height);--awb-caption-title-letter-spacing:var(--h2_typography-letter-spacing);\"><span class=\" fusion-imageframe imageframe-dropshadow imageframe-1 hover-type-none\" style=\"-webkit-box-shadow: 3px 3px 7px rgba(0,0,0,0.3);box-shadow: 3px 3px 7px rgba(0,0,0,0.3);\"><a class=\"fusion-no-lightbox\" href=\"https:\/\/deliverfund.org\" target=\"_self\" aria-label=\"2LOGOag_Livedead\"><img decoding=\"async\" width=\"570\" height=\"570\" src=\"https:\/\/aggressiveeng.com\/wp-content\/uploads\/2022\/01\/2LOGOag_Livedead.jpg\" alt class=\"img-responsive wp-image-7933\" srcset=\"https:\/\/aggressiveeng.com\/wp-content\/uploads\/2022\/01\/2LOGOag_Livedead-200x200.jpg 200w, https:\/\/aggressiveeng.com\/wp-content\/uploads\/2022\/01\/2LOGOag_Livedead-400x400.jpg 400w, https:\/\/aggressiveeng.com\/wp-content\/uploads\/2022\/01\/2LOGOag_Livedead.jpg 570w\" sizes=\"(max-width: 1024px) 100vw, (max-width: 850px) 100vw, 400px\" \/><\/a><\/span><\/div><div style=\"text-align:center;\"><a class=\"fusion-button button-flat fusion-button-default-size button-default fusion-button-default button-1 fusion-button-span-yes fusion-button-default-type\" target=\"_blank\" rel=\"noopener noreferrer\" href=\"https:\/\/deliverfund.org\"><span class=\"fusion-button-text awb-button__text awb-button__text--default\">Visita el sitio web del Fondo Deliver<\/span><\/a><\/div><\/div><\/div><div class=\"fusion-layout-column fusion_builder_column fusion-builder-column-3 fusion_builder_column_1_3 1_3 fusion-flex-column\" style=\"--awb-bg-size:cover;--awb-width-large:33.333333333333%;--awb-margin-top-large:0px;--awb-spacing-right-large:5.76%;--awb-margin-bottom-large:20px;--awb-spacing-left-large:5.76%;--awb-width-medium:100%;--awb-order-medium:0;--awb-spacing-right-medium:1.92%;--awb-spacing-left-medium:1.92%;--awb-width-small:100%;--awb-order-small:0;--awb-spacing-right-small:1.92%;--awb-spacing-left-small:1.92%;\"><div class=\"fusion-column-wrapper fusion-column-has-shadow fusion-flex-justify-content-flex-start fusion-content-layout-column\"><div class=\"fusion-image-element \" style=\"--awb-margin-bottom:20px;--awb-caption-title-font-family:var(--h2_typography-font-family);--awb-caption-title-font-weight:var(--h2_typography-font-weight);--awb-caption-title-font-style:var(--h2_typography-font-style);--awb-caption-title-size:var(--h2_typography-font-size);--awb-caption-title-transform:var(--h2_typography-text-transform);--awb-caption-title-line-height:var(--h2_typography-line-height);--awb-caption-title-letter-spacing:var(--h2_typography-letter-spacing);\"><span class=\" fusion-imageframe imageframe-dropshadow imageframe-2 hover-type-none\" style=\"-webkit-box-shadow: 3px 3px 7px rgba(0,0,0,0.3);box-shadow: 3px 3px 7px rgba(0,0,0,0.3);\"><a class=\"fusion-no-lightbox\" href=\"https:\/\/www.livedead.org\" target=\"_self\" aria-label=\"LOGOag_Livedead\"><img decoding=\"async\" width=\"570\" height=\"570\" src=\"https:\/\/aggressiveeng.com\/wp-content\/uploads\/2022\/01\/LOGOag_Livedead.jpg\" alt class=\"img-responsive wp-image-7934\" srcset=\"https:\/\/aggressiveeng.com\/wp-content\/uploads\/2022\/01\/LOGOag_Livedead-200x200.jpg 200w, https:\/\/aggressiveeng.com\/wp-content\/uploads\/2022\/01\/LOGOag_Livedead-400x400.jpg 400w, https:\/\/aggressiveeng.com\/wp-content\/uploads\/2022\/01\/LOGOag_Livedead.jpg 570w\" sizes=\"(max-width: 1024px) 100vw, (max-width: 850px) 100vw, 400px\" \/><\/a><\/span><\/div><div style=\"text-align:center;\"><a class=\"fusion-button button-flat fusion-button-default-size button-default fusion-button-default button-2 fusion-button-span-yes fusion-button-default-type\" target=\"_blank\" rel=\"noopener noreferrer\" href=\"https:\/\/www.livedead.org\"><span class=\"fusion-button-text awb-button__text awb-button__text--default\">Visita el sitio web de Live Dead<\/span><\/a><\/div><\/div><\/div><div class=\"fusion-layout-column fusion_builder_column fusion-builder-column-4 fusion_builder_column_1_3 1_3 fusion-flex-column\" style=\"--awb-bg-size:cover;--awb-width-large:33.333333333333%;--awb-margin-top-large:0px;--awb-spacing-right-large:5.76%;--awb-margin-bottom-large:20px;--awb-spacing-left-large:5.76%;--awb-width-medium:100%;--awb-order-medium:0;--awb-spacing-right-medium:1.92%;--awb-spacing-left-medium:1.92%;--awb-width-small:100%;--awb-order-small:0;--awb-spacing-right-small:1.92%;--awb-spacing-left-small:1.92%;\"><div class=\"fusion-column-wrapper fusion-column-has-shadow fusion-flex-justify-content-flex-start fusion-content-layout-column\"><div class=\"fusion-image-element \" style=\"--awb-margin-bottom:20px;--awb-caption-title-font-family:var(--h2_typography-font-family);--awb-caption-title-font-weight:var(--h2_typography-font-weight);--awb-caption-title-font-style:var(--h2_typography-font-style);--awb-caption-title-size:var(--h2_typography-font-size);--awb-caption-title-transform:var(--h2_typography-text-transform);--awb-caption-title-line-height:var(--h2_typography-line-height);--awb-caption-title-letter-spacing:var(--h2_typography-letter-spacing);\"><span class=\" fusion-imageframe imageframe-dropshadow imageframe-3 hover-type-none\" style=\"-webkit-box-shadow: 3px 3px 7px rgba(0,0,0,0.3);box-shadow: 3px 3px 7px rgba(0,0,0,0.3);\"><a class=\"fusion-no-lightbox\" href=\"https:\/\/b4bmn.org\" target=\"_self\" aria-label=\"lolgo3ag_Livedead\"><img decoding=\"async\" width=\"570\" height=\"570\" src=\"https:\/\/aggressiveeng.com\/wp-content\/uploads\/2022\/01\/lolgo3ag_Livedead.jpg\" alt class=\"img-responsive wp-image-7932\" srcset=\"https:\/\/aggressiveeng.com\/wp-content\/uploads\/2022\/01\/lolgo3ag_Livedead-200x200.jpg 200w, https:\/\/aggressiveeng.com\/wp-content\/uploads\/2022\/01\/lolgo3ag_Livedead-400x400.jpg 400w, https:\/\/aggressiveeng.com\/wp-content\/uploads\/2022\/01\/lolgo3ag_Livedead.jpg 570w\" sizes=\"(max-width: 1024px) 100vw, (max-width: 850px) 100vw, 400px\" \/><\/a><\/span><\/div><div style=\"text-align:center;\"><a class=\"fusion-button button-flat fusion-button-default-size button-default fusion-button-default button-3 fusion-button-span-yes fusion-button-default-type\" target=\"_blank\" rel=\"noopener noreferrer\" href=\"https:\/\/b4bmn.org\"><span class=\"fusion-button-text awb-button__text awb-button__text--default\">Visita el sitio web de Birdies 4 Brains<\/span><\/a><\/div><\/div><\/div><\/div><\/div>\n","protected":false},"excerpt":{"rendered":"","protected":false},"author":3,"featured_media":0,"parent":0,"menu_order":0,"comment_status":"closed","ping_status":"closed","template":"","meta":{"footnotes":""},"class_list":["post-7980","page","type-page","status-publish","hentry"],"yoast_head":"<!-- This site is optimized with the Yoast SEO plugin v27.4 - https:\/\/yoast.com\/product\/yoast-seo-wordpress\/ -->\n<title>DEVOLVER - Aggressive Engineering<\/title>\n<meta name=\"robots\" content=\"index, follow, max-snippet:-1, max-image-preview:large, max-video-preview:-1\" \/>\n<link rel=\"canonical\" href=\"https:\/\/aggressiveeng.com\/es\/devolver\/\" \/>\n<meta property=\"og:locale\" content=\"es_ES\" \/>\n<meta property=\"og:type\" content=\"article\" \/>\n<meta property=\"og:title\" content=\"DEVOLVER - Aggressive Engineering\" \/>\n<meta property=\"og:url\" content=\"https:\/\/aggressiveeng.com\/es\/devolver\/\" \/>\n<meta property=\"og:site_name\" content=\"Aggressive Engineering\" \/>\n<meta property=\"article:modified_time\" content=\"2024-10-31T18:26:57+00:00\" \/>\n<meta name=\"twitter:card\" content=\"summary_large_image\" \/>\n<meta name=\"twitter:label1\" content=\"Tiempo de lectura\" \/>\n\t<meta name=\"twitter:data1\" content=\"16 minutos\" \/>\n<script type=\"application\/ld+json\" class=\"yoast-schema-graph\">{\"@context\":\"https:\\\/\\\/schema.org\",\"@graph\":[{\"@type\":\"WebPage\",\"@id\":\"https:\\\/\\\/aggressiveeng.com\\\/es\\\/devolver\\\/\",\"url\":\"https:\\\/\\\/aggressiveeng.com\\\/es\\\/devolver\\\/\",\"name\":\"DEVOLVER - Aggressive Engineering\",\"isPartOf\":{\"@id\":\"https:\\\/\\\/aggressiveeng.com\\\/#website\"},\"datePublished\":\"2022-01-03T20:29:04+00:00\",\"dateModified\":\"2024-10-31T18:26:57+00:00\",\"breadcrumb\":{\"@id\":\"https:\\\/\\\/aggressiveeng.com\\\/es\\\/devolver\\\/#breadcrumb\"},\"inLanguage\":\"es\",\"potentialAction\":[{\"@type\":\"ReadAction\",\"target\":[\"https:\\\/\\\/aggressiveeng.com\\\/es\\\/devolver\\\/\"]}]},{\"@type\":\"BreadcrumbList\",\"@id\":\"https:\\\/\\\/aggressiveeng.com\\\/es\\\/devolver\\\/#breadcrumb\",\"itemListElement\":[{\"@type\":\"ListItem\",\"position\":1,\"name\":\"Home\",\"item\":\"https:\\\/\\\/aggressiveeng.com\\\/es\\\/inicio\\\/\"},{\"@type\":\"ListItem\",\"position\":2,\"name\":\"DEVOLVER\"}]},{\"@type\":\"WebSite\",\"@id\":\"https:\\\/\\\/aggressiveeng.com\\\/#website\",\"url\":\"https:\\\/\\\/aggressiveeng.com\\\/\",\"name\":\"Aggressive Engineering\",\"description\":\"Precision Diemakers\",\"potentialAction\":[{\"@type\":\"SearchAction\",\"target\":{\"@type\":\"EntryPoint\",\"urlTemplate\":\"https:\\\/\\\/aggressiveeng.com\\\/?s={search_term_string}\"},\"query-input\":{\"@type\":\"PropertyValueSpecification\",\"valueRequired\":true,\"valueName\":\"search_term_string\"}}],\"inLanguage\":\"es\"}]}<\/script>\n<!-- \/ Yoast SEO plugin. -->","yoast_head_json":{"title":"DEVOLVER - Aggressive Engineering","robots":{"index":"index","follow":"follow","max-snippet":"max-snippet:-1","max-image-preview":"max-image-preview:large","max-video-preview":"max-video-preview:-1"},"canonical":"https:\/\/aggressiveeng.com\/es\/devolver\/","og_locale":"es_ES","og_type":"article","og_title":"DEVOLVER - Aggressive Engineering","og_url":"https:\/\/aggressiveeng.com\/es\/devolver\/","og_site_name":"Aggressive Engineering","article_modified_time":"2024-10-31T18:26:57+00:00","twitter_card":"summary_large_image","twitter_misc":{"Tiempo de lectura":"16 minutos"},"schema":{"@context":"https:\/\/schema.org","@graph":[{"@type":"WebPage","@id":"https:\/\/aggressiveeng.com\/es\/devolver\/","url":"https:\/\/aggressiveeng.com\/es\/devolver\/","name":"DEVOLVER - Aggressive Engineering","isPartOf":{"@id":"https:\/\/aggressiveeng.com\/#website"},"datePublished":"2022-01-03T20:29:04+00:00","dateModified":"2024-10-31T18:26:57+00:00","breadcrumb":{"@id":"https:\/\/aggressiveeng.com\/es\/devolver\/#breadcrumb"},"inLanguage":"es","potentialAction":[{"@type":"ReadAction","target":["https:\/\/aggressiveeng.com\/es\/devolver\/"]}]},{"@type":"BreadcrumbList","@id":"https:\/\/aggressiveeng.com\/es\/devolver\/#breadcrumb","itemListElement":[{"@type":"ListItem","position":1,"name":"Home","item":"https:\/\/aggressiveeng.com\/es\/inicio\/"},{"@type":"ListItem","position":2,"name":"DEVOLVER"}]},{"@type":"WebSite","@id":"https:\/\/aggressiveeng.com\/#website","url":"https:\/\/aggressiveeng.com\/","name":"Aggressive Engineering","description":"Precision Diemakers","potentialAction":[{"@type":"SearchAction","target":{"@type":"EntryPoint","urlTemplate":"https:\/\/aggressiveeng.com\/?s={search_term_string}"},"query-input":{"@type":"PropertyValueSpecification","valueRequired":true,"valueName":"search_term_string"}}],"inLanguage":"es"}]}},"_links":{"self":[{"href":"https:\/\/aggressiveeng.com\/es\/wp-json\/wp\/v2\/pages\/7980","targetHints":{"allow":["GET"]}}],"collection":[{"href":"https:\/\/aggressiveeng.com\/es\/wp-json\/wp\/v2\/pages"}],"about":[{"href":"https:\/\/aggressiveeng.com\/es\/wp-json\/wp\/v2\/types\/page"}],"author":[{"embeddable":true,"href":"https:\/\/aggressiveeng.com\/es\/wp-json\/wp\/v2\/users\/3"}],"replies":[{"embeddable":true,"href":"https:\/\/aggressiveeng.com\/es\/wp-json\/wp\/v2\/comments?post=7980"}],"version-history":[{"count":18,"href":"https:\/\/aggressiveeng.com\/es\/wp-json\/wp\/v2\/pages\/7980\/revisions"}],"predecessor-version":[{"id":8571,"href":"https:\/\/aggressiveeng.com\/es\/wp-json\/wp\/v2\/pages\/7980\/revisions\/8571"}],"wp:attachment":[{"href":"https:\/\/aggressiveeng.com\/es\/wp-json\/wp\/v2\/media?parent=7980"}],"curies":[{"name":"wp","href":"https:\/\/api.w.org\/{rel}","templated":true}]}}