{"id":7981,"date":"2023-07-13T14:00:41","date_gmt":"2023-07-13T14:00:41","guid":{"rendered":"https:\/\/aggressiveeng.com\/empleo\/"},"modified":"2024-09-09T16:30:30","modified_gmt":"2024-09-09T16:30:30","slug":"empleo","status":"publish","type":"page","link":"https:\/\/aggressiveeng.com\/es\/empleo\/","title":{"rendered":"Empleo"},"content":{"rendered":"<div class=\"fusion-fullwidth fullwidth-box fusion-builder-row-1 fusion-flex-container has-pattern-background has-mask-background nonhundred-percent-fullwidth non-hundred-percent-height-scrolling\" style=\"--awb-border-radius-top-left:0px;--awb-border-radius-top-right:0px;--awb-border-radius-bottom-right:0px;--awb-border-radius-bottom-left:0px;--awb-flex-wrap:wrap;\" ><div class=\"fusion-builder-row fusion-row fusion-flex-align-items-flex-start fusion-flex-content-wrap\" style=\"max-width:1216.8px;margin-left: calc(-4% \/ 2 );margin-right: calc(-4% \/ 2 );\"><div class=\"fusion-layout-column fusion_builder_column fusion-builder-column-0 fusion_builder_column_1_1 1_1 fusion-flex-column\" style=\"--awb-bg-size:cover;--awb-width-large:100%;--awb-margin-top-large:0px;--awb-spacing-right-large:1.92%;--awb-margin-bottom-large:20px;--awb-spacing-left-large:1.92%;--awb-width-medium:100%;--awb-order-medium:0;--awb-spacing-right-medium:1.92%;--awb-spacing-left-medium:1.92%;--awb-width-small:100%;--awb-order-small:0;--awb-spacing-right-small:1.92%;--awb-spacing-left-small:1.92%;\"><div class=\"fusion-column-wrapper fusion-column-has-shadow fusion-flex-justify-content-flex-start fusion-content-layout-column\"><div class=\"fusion-text fusion-text-1\"><h2>\u00a1Encuentra tu pr\u00f3xima oportunidad!<\/h2>\n<p>  Ofrecemos un paquete de beneficios competitivo y completo que incluye opciones que se adaptan a tus necesidades como: Programa m\u00e9dico, dental, oftalmol\u00f3gico y de asistencia al empleado, ayuda para la matr\u00edcula, tiempo libre retribuido, paga de vacaciones, horario flexible, as\u00ed como un plan de jubilaci\u00f3n 401k con aportaci\u00f3n del empleador \u00a1y mucho m\u00e1s!<\/p>\n<\/div><script id='compas-jobs-widget' type='text\/javascript' src='https:\/\/hire.myavionte.com\/app\/careers\/dist\/jobs.js' data-bid='MlMuNq0Qua8' data-jbid='ZzBiZq_sqtM'><\/script><div ><a class=\"fusion-button button-flat fusion-button-default-size button-default fusion-button-default button-1 fusion-button-default-span fusion-button-default-type\" style=\"--awb-margin-top:50px;\" target=\"_self\" href=\"https:\/\/outlook.office365.com\/owa\/calendar\/AggressiveEngineering@avimoe.com\/bookings\/\"><span class=\"fusion-button-text awb-button__text awb-button__text--default\">Habla con un asesor profesional<\/span><\/a><\/div><\/div><\/div><\/div><\/div>\n","protected":false},"excerpt":{"rendered":"","protected":false},"author":3,"featured_media":0,"parent":0,"menu_order":0,"comment_status":"closed","ping_status":"closed","template":"","meta":{"footnotes":""},"class_list":["post-7981","page","type-page","status-publish","hentry"],"yoast_head":"<!-- This site is optimized with the Yoast SEO plugin v27.6 - https:\/\/yoast.com\/product\/yoast-seo-wordpress\/ -->\n<title>Empleo - Aggressive Engineering<\/title>\n<meta name=\"robots\" content=\"index, follow, max-snippet:-1, max-image-preview:large, max-video-preview:-1\" \/>\n<link rel=\"canonical\" href=\"https:\/\/aggressiveeng.com\/es\/empleo\/\" \/>\n<meta property=\"og:locale\" content=\"es_ES\" \/>\n<meta property=\"og:type\" content=\"article\" \/>\n<meta property=\"og:title\" content=\"Empleo - Aggressive Engineering\" \/>\n<meta property=\"og:url\" content=\"https:\/\/aggressiveeng.com\/es\/empleo\/\" \/>\n<meta property=\"og:site_name\" content=\"Aggressive Engineering\" \/>\n<meta property=\"article:modified_time\" content=\"2024-09-09T16:30:30+00:00\" \/>\n<meta name=\"twitter:card\" content=\"summary_large_image\" \/>\n<meta name=\"twitter:label1\" content=\"Tiempo de lectura\" \/>\n\t<meta name=\"twitter:data1\" content=\"6 minutos\" \/>\n<script type=\"application\/ld+json\" class=\"yoast-schema-graph\">{\"@context\":\"https:\\\/\\\/schema.org\",\"@graph\":[{\"@type\":\"WebPage\",\"@id\":\"https:\\\/\\\/aggressiveeng.com\\\/es\\\/empleo\\\/\",\"url\":\"https:\\\/\\\/aggressiveeng.com\\\/es\\\/empleo\\\/\",\"name\":\"Empleo - Aggressive Engineering\",\"isPartOf\":{\"@id\":\"https:\\\/\\\/aggressiveeng.com\\\/#website\"},\"datePublished\":\"2023-07-13T14:00:41+00:00\",\"dateModified\":\"2024-09-09T16:30:30+00:00\",\"breadcrumb\":{\"@id\":\"https:\\\/\\\/aggressiveeng.com\\\/es\\\/empleo\\\/#breadcrumb\"},\"inLanguage\":\"es\",\"potentialAction\":[{\"@type\":\"ReadAction\",\"target\":[\"https:\\\/\\\/aggressiveeng.com\\\/es\\\/empleo\\\/\"]}]},{\"@type\":\"BreadcrumbList\",\"@id\":\"https:\\\/\\\/aggressiveeng.com\\\/es\\\/empleo\\\/#breadcrumb\",\"itemListElement\":[{\"@type\":\"ListItem\",\"position\":1,\"name\":\"Home\",\"item\":\"https:\\\/\\\/aggressiveeng.com\\\/es\\\/inicio\\\/\"},{\"@type\":\"ListItem\",\"position\":2,\"name\":\"Empleo\"}]},{\"@type\":\"WebSite\",\"@id\":\"https:\\\/\\\/aggressiveeng.com\\\/#website\",\"url\":\"https:\\\/\\\/aggressiveeng.com\\\/\",\"name\":\"Aggressive Engineering\",\"description\":\"Precision Diemakers\",\"potentialAction\":[{\"@type\":\"SearchAction\",\"target\":{\"@type\":\"EntryPoint\",\"urlTemplate\":\"https:\\\/\\\/aggressiveeng.com\\\/?s={search_term_string}\"},\"query-input\":{\"@type\":\"PropertyValueSpecification\",\"valueRequired\":true,\"valueName\":\"search_term_string\"}}],\"inLanguage\":\"es\"}]}<\/script>\n<!-- \/ Yoast SEO plugin. -->","yoast_head_json":{"title":"Empleo - Aggressive Engineering","robots":{"index":"index","follow":"follow","max-snippet":"max-snippet:-1","max-image-preview":"max-image-preview:large","max-video-preview":"max-video-preview:-1"},"canonical":"https:\/\/aggressiveeng.com\/es\/empleo\/","og_locale":"es_ES","og_type":"article","og_title":"Empleo - Aggressive Engineering","og_url":"https:\/\/aggressiveeng.com\/es\/empleo\/","og_site_name":"Aggressive Engineering","article_modified_time":"2024-09-09T16:30:30+00:00","twitter_card":"summary_large_image","twitter_misc":{"Tiempo de lectura":"6 minutos"},"schema":{"@context":"https:\/\/schema.org","@graph":[{"@type":"WebPage","@id":"https:\/\/aggressiveeng.com\/es\/empleo\/","url":"https:\/\/aggressiveeng.com\/es\/empleo\/","name":"Empleo - Aggressive Engineering","isPartOf":{"@id":"https:\/\/aggressiveeng.com\/#website"},"datePublished":"2023-07-13T14:00:41+00:00","dateModified":"2024-09-09T16:30:30+00:00","breadcrumb":{"@id":"https:\/\/aggressiveeng.com\/es\/empleo\/#breadcrumb"},"inLanguage":"es","potentialAction":[{"@type":"ReadAction","target":["https:\/\/aggressiveeng.com\/es\/empleo\/"]}]},{"@type":"BreadcrumbList","@id":"https:\/\/aggressiveeng.com\/es\/empleo\/#breadcrumb","itemListElement":[{"@type":"ListItem","position":1,"name":"Home","item":"https:\/\/aggressiveeng.com\/es\/inicio\/"},{"@type":"ListItem","position":2,"name":"Empleo"}]},{"@type":"WebSite","@id":"https:\/\/aggressiveeng.com\/#website","url":"https:\/\/aggressiveeng.com\/","name":"Aggressive Engineering","description":"Precision Diemakers","potentialAction":[{"@type":"SearchAction","target":{"@type":"EntryPoint","urlTemplate":"https:\/\/aggressiveeng.com\/?s={search_term_string}"},"query-input":{"@type":"PropertyValueSpecification","valueRequired":true,"valueName":"search_term_string"}}],"inLanguage":"es"}]}},"_links":{"self":[{"href":"https:\/\/aggressiveeng.com\/es\/wp-json\/wp\/v2\/pages\/7981","targetHints":{"allow":["GET"]}}],"collection":[{"href":"https:\/\/aggressiveeng.com\/es\/wp-json\/wp\/v2\/pages"}],"about":[{"href":"https:\/\/aggressiveeng.com\/es\/wp-json\/wp\/v2\/types\/page"}],"author":[{"embeddable":true,"href":"https:\/\/aggressiveeng.com\/es\/wp-json\/wp\/v2\/users\/3"}],"replies":[{"embeddable":true,"href":"https:\/\/aggressiveeng.com\/es\/wp-json\/wp\/v2\/comments?post=7981"}],"version-history":[{"count":0,"href":"https:\/\/aggressiveeng.com\/es\/wp-json\/wp\/v2\/pages\/7981\/revisions"}],"wp:attachment":[{"href":"https:\/\/aggressiveeng.com\/es\/wp-json\/wp\/v2\/media?parent=7981"}],"curies":[{"name":"wp","href":"https:\/\/api.w.org\/{rel}","templated":true}]}}