{"id":7982,"date":"2015-02-20T20:12:25","date_gmt":"2015-02-20T20:12:25","guid":{"rendered":"https:\/\/aggressiveeng.com\/acerca-de\/"},"modified":"2024-09-09T16:30:31","modified_gmt":"2024-09-09T16:30:31","slug":"acerca-de","status":"publish","type":"page","link":"https:\/\/aggressiveeng.com\/es\/acerca-de\/","title":{"rendered":"Acerca de"},"content":{"rendered":"<p><div class=\"fusion-fullwidth fullwidth-box fusion-builder-row-1 fusion-flex-container nonhundred-percent-fullwidth non-hundred-percent-height-scrolling\" style=\"--awb-border-radius-top-left:0px;--awb-border-radius-top-right:0px;--awb-border-radius-bottom-right:0px;--awb-border-radius-bottom-left:0px;--awb-padding-top:50px;--awb-padding-bottom:50px;--awb-background-color:#ffffff;--awb-flex-wrap:wrap;\" ><div class=\"fusion-builder-row fusion-row fusion-flex-align-items-flex-start fusion-flex-content-wrap\" style=\"max-width:calc( 1170px + 0px );margin-left: calc(-0px \/ 2 );margin-right: calc(-0px \/ 2 );\"><div class=\"fusion-layout-column fusion_builder_column fusion-builder-column-0 fusion_builder_column_3_4 3_4 fusion-flex-column\" style=\"--awb-bg-size:cover;--awb-width-large:75%;--awb-margin-top-large:0px;--awb-spacing-right-large:0px;--awb-margin-bottom-large:20px;--awb-spacing-left-large:0px;--awb-width-medium:100%;--awb-order-medium:0;--awb-spacing-right-medium:0px;--awb-spacing-left-medium:0px;--awb-width-small:100%;--awb-order-small:0;--awb-spacing-right-small:0px;--awb-spacing-left-small:0px;\"><div class=\"fusion-column-wrapper fusion-column-has-shadow fusion-flex-justify-content-flex-start fusion-content-layout-column\"><div class=\"fusion-text fusion-text-1\" style=\"--awb-text-transform:none;--awb-margin-right:30px;--awb-margin-left:30px;\"><p>Aggressive Engineering se fund\u00f3 en 1992 con el objetivo de proporcionar utillaje y troqueles de calidad a los clientes de la regi\u00f3n del Medio Oeste.<br \/>\nEste enfoque limitado permiti\u00f3 a la empresa perfeccionar sus habilidades y labrarse una reputaci\u00f3n de calidad.<br \/>\nCon una apreciaci\u00f3n de lo que se hab\u00eda construido y una visi\u00f3n de lo que puede ser, un nuevo propietario adquiri\u00f3 Aggressive Engineering en oto\u00f1o de 2020.<br \/>\nComprometidos a mejorar nuestro negocio de <a href=\"https:\/\/aggressiveeng.com\/tool-and-die\/\">herramientas y matrices<\/a>, tambi\u00e9n nos propusimos ofrecer nuevos servicios y expandirnos a nuevos mercados.<br \/>\nAdem\u00e1s de nuestros servicios de herramientas y matrices de alta calidad, ahora dise\u00f1amos y construimos <a href=\"https:\/\/aggressiveeng.com\/fixtures-gauges\/\">utillajes y calibres<\/a> de diversa complejidad.<br \/>\nDesde neum\u00e1tica b\u00e1sica hasta servomotores controlados por PLC para punzonado, personalizaremos los \u00fatiles y calibres para adaptarlos a tus necesidades.<\/p>\n<\/div><div class=\"fusion-text fusion-text-2\" style=\"--awb-text-transform:none;--awb-margin-right:30px;--awb-margin-left:30px;\"><p>\u00bfBuscas agilizar tus adquisiciones y aportar mayor valor a tu proyecto?<br \/>\nTenemos relaciones externas estrat\u00e9gicas para complementar <a href=\"https:\/\/aggressiveeng.com\/capabilities\/\">nuestras capacidades internas<\/a>.<br \/>\nNuestro enfoque de \u00abGesti\u00f3n Total de Proyectos\u00bb ofrece una cadena de suministro integrada verticalmente para garantizar que tu proyecto recibe la atenci\u00f3n que merece, y que alcanzas tus objetivos.<br \/>\nAdoptamos un enfoque personalizado de cada proyecto para garantizar que el producto final ayude a nuestros clientes a alcanzar sus objetivos de producci\u00f3n y calidad.<br \/>\nNo somos tu proveedor; somos tu socio.<\/p>\n<\/div><div style=\"text-align:left;\"><a class=\"fusion-button button-flat button-large button-default fusion-button-default button-1 fusion-button-default-span \" style=\"--awb-margin-top:30px;--awb-margin-right:30px;--awb-margin-left:30px;\" target=\"_self\" href=\"https:\/\/aggressiveeng.com\/capabilities\/\"><span class=\"fusion-button-text awb-button__text awb-button__text--default\">NUESTRAS CAPACIDADES<\/span><\/a><\/div><\/div><\/div><div class=\"fusion-layout-column fusion_builder_column fusion-builder-column-1 fusion_builder_column_1_4 1_4 fusion-flex-column\" style=\"--awb-bg-size:cover;--awb-width-large:25%;--awb-margin-top-large:0px;--awb-spacing-right-large:0px;--awb-margin-bottom-large:20px;--awb-spacing-left-large:0px;--awb-width-medium:100%;--awb-order-medium:0;--awb-spacing-right-medium:0px;--awb-spacing-left-medium:0px;--awb-width-small:100%;--awb-order-small:0;--awb-spacing-right-small:0px;--awb-spacing-left-small:0px;\"><div class=\"fusion-column-wrapper fusion-column-has-shadow fusion-flex-justify-content-flex-start fusion-content-layout-column\"><div class=\"fusion-image-element \" style=\"text-align:center;--awb-margin-right:30px;--awb-margin-left:30px;--awb-caption-title-font-family:var(--h2_typography-font-family);--awb-caption-title-font-weight:var(--h2_typography-font-weight);--awb-caption-title-font-style:var(--h2_typography-font-style);--awb-caption-title-size:var(--h2_typography-font-size);--awb-caption-title-transform:var(--h2_typography-text-transform);--awb-caption-title-line-height:var(--h2_typography-line-height);--awb-caption-title-letter-spacing:var(--h2_typography-letter-spacing);\"><span class=\" fusion-imageframe imageframe-dropshadow imageframe-1 hover-type-none\" style=\"-webkit-box-shadow: 3px 3px 7px rgba(0,0,0,0.3);box-shadow: 3px 3px 7px rgba(0,0,0,0.3);\"><img decoding=\"async\" width=\"1000\" height=\"1500\" title=\"JesseD\" src=\"https:\/\/aggressiveeng.com\/wp-content\/uploads\/2022\/08\/JesseD.jpg\" alt class=\"img-responsive wp-image-7965\" srcset=\"https:\/\/aggressiveeng.com\/wp-content\/uploads\/2022\/08\/JesseD-200x300.jpg 200w, https:\/\/aggressiveeng.com\/wp-content\/uploads\/2022\/08\/JesseD-400x600.jpg 400w, https:\/\/aggressiveeng.com\/wp-content\/uploads\/2022\/08\/JesseD-600x900.jpg 600w, https:\/\/aggressiveeng.com\/wp-content\/uploads\/2022\/08\/JesseD-800x1200.jpg 800w, https:\/\/aggressiveeng.com\/wp-content\/uploads\/2022\/08\/JesseD.jpg 1000w\" sizes=\"(max-width: 1024px) 100vw, (max-width: 850px) 100vw, 400px\" \/><\/span><\/div><div class=\"fusion-text fusion-text-3\" style=\"--awb-text-transform:none;--awb-margin-top:10px;\"><p style=\"text-align: center;\"><strong>Jesse Diedrich<\/strong> Presidente y Propietario<\/p>\n<\/div><\/div><\/div><\/div><\/div><div class=\"fusion-fullwidth fullwidth-box fusion-builder-row-2 fusion-flex-container nonhundred-percent-fullwidth non-hundred-percent-height-scrolling\" style=\"--awb-border-radius-top-left:0px;--awb-border-radius-top-right:0px;--awb-border-radius-bottom-right:0px;--awb-border-radius-bottom-left:0px;--awb-padding-top:50px;--awb-padding-bottom:50px;--awb-background-color:#333333;--awb-flex-wrap:wrap;\" ><div class=\"fusion-builder-row fusion-row fusion-flex-align-items-flex-start fusion-flex-content-wrap\" style=\"max-width:1216.8px;margin-left: calc(-4% \/ 2 );margin-right: calc(-4% \/ 2 );\"><div class=\"fusion-layout-column fusion_builder_column fusion-builder-column-2 fusion_builder_column_1_1 1_1 fusion-flex-column\" style=\"--awb-bg-size:cover;--awb-width-large:100%;--awb-margin-top-large:0px;--awb-spacing-right-large:1.92%;--awb-margin-bottom-large:20px;--awb-spacing-left-large:1.92%;--awb-width-medium:100%;--awb-order-medium:0;--awb-spacing-right-medium:1.92%;--awb-spacing-left-medium:1.92%;--awb-width-small:100%;--awb-order-small:0;--awb-spacing-right-small:1.92%;--awb-spacing-left-small:1.92%;\"><div class=\"fusion-column-wrapper fusion-column-has-shadow fusion-flex-justify-content-flex-start fusion-content-layout-column\"><div class=\"fusion-text fusion-text-4\" style=\"--awb-text-transform:none;\"><h2 style=\"text-align: center;\"><span style=\"color: #ffffff;\">MERCADOS ATENDIDOS<\/span><\/h2>\n<\/div><div class=\"fusion-separator\" style=\"align-self: center;margin-left: auto;margin-right: auto;margin-bottom:30px;width:100%;max-width:100px;\"><div class=\"fusion-separator-border sep-single sep-solid\" style=\"--awb-height:20px;--awb-amount:20px;--awb-sep-color:#ef682a;border-color:#ef682a;border-top-width:2px;\"><\/div><\/div><div class=\"fusion-text fusion-text-5\" style=\"--awb-text-transform:none;\"><p style=\"text-align: center;\"><span style=\"color: #ffffff;\">Ocio\/Deportes Energ\u00e9ticos, Energ\u00eda Limpia, Semiconductores, Defensa, Agricultura, Materiales de Construcci\u00f3n, Transporte, Aeroespacial, Bienes de Consumo Empaquetados, y M\u00faltiples Industrias Secundarias y Terciarias.<\/span><\/p>\n<\/div><\/div><\/div><\/div><\/div><div class=\"fusion-bg-parallax\" data-bg-align=\"center center\" data-direction=\"up\" data-mute=\"false\" data-opacity=\"100\" data-velocity=\"-0.5\" data-mobile-enabled=\"false\" data-break_parents=\"0\" data-bg-image=\"https:\/\/aggressiveeng.com\/wp-content\/uploads\/2020\/12\/CTAP1010023.jpg\" data-bg-repeat=\"false\" data-bg-color=\"#7094a3\" data-blend-mode=\"overlay\" ><\/div><div class=\"fusion-fullwidth fullwidth-box fusion-builder-row-3 fusion-flex-container fusion-parallax-up nonhundred-percent-fullwidth non-hundred-percent-height-scrolling\" style=\"--awb-background-blend-mode:overlay;--awb-border-sizes-top:0px;--awb-border-sizes-bottom:0px;--awb-border-sizes-left:0px;--awb-border-sizes-right:0px;--awb-border-radius-top-left:0px;--awb-border-radius-top-right:0px;--awb-border-radius-bottom-right:0px;--awb-border-radius-bottom-left:0px;--awb-padding-top:150px;--awb-padding-bottom:160px;--awb-margin-top:-20px;--awb-background-color:#7094a3;--awb-background-image:url(&quot;https:\/\/aggressiveeng.com\/wp-content\/uploads\/2020\/12\/CTAP1010023.jpg&quot;);--awb-background-size:cover;--awb-flex-wrap:wrap;\" ><div class=\"fusion-builder-row fusion-row fusion-flex-align-items-flex-start fusion-flex-justify-content-center fusion-flex-content-wrap\" style=\"max-width:1216.8px;margin-left: calc(-4% \/ 2 );margin-right: calc(-4% \/ 2 );\"><div class=\"fusion-layout-column fusion_builder_column fusion-builder-column-3 fusion_builder_column_2_3 2_3 fusion-flex-column fusion-flex-align-self-flex-start fusion-column-no-min-height\" style=\"--awb-bg-size:cover;--awb-width-large:66.666666666667%;--awb-margin-top-large:0px;--awb-spacing-right-large:2.88%;--awb-margin-bottom-large:0px;--awb-spacing-left-large:2.88%;--awb-width-medium:100%;--awb-spacing-right-medium:1.92%;--awb-spacing-left-medium:1.92%;--awb-width-small:100%;--awb-spacing-right-small:1.92%;--awb-spacing-left-small:1.92%;\"><div class=\"fusion-column-wrapper fusion-flex-justify-content-flex-start fusion-content-layout-column\"><div class=\"fusion-title title fusion-title-1 fusion-title-center fusion-title-text fusion-title-size-two\" style=\"--awb-text-color:#ffffff;--awb-margin-bottom:30px;--awb-margin-top-small:0px;--awb-margin-right-small:0px;--awb-margin-bottom-small:30px;--awb-margin-left-small:0px;\"><div class=\"title-sep-container title-sep-container-left\"><div class=\"title-sep sep- sep-solid\" style=\"border-color:#e0dede;\"><\/div><\/div><span class=\"awb-title-spacer\"><\/span><h2 class=\"fusion-title-heading title-heading-center\" style=\"margin:0;\"><p style=\"text-align: center;\">SOLICITAR PRESUPUESTO<\/p><\/h2><span class=\"awb-title-spacer\"><\/span><div class=\"title-sep-container title-sep-container-right\"><div class=\"title-sep sep- sep-solid\" style=\"border-color:#e0dede;\"><\/div><\/div><\/div><div class=\"fusion-separator\" style=\"align-self: center;margin-left: auto;margin-right: auto;margin-bottom:30px;width:100%;max-width:100px;\"><div class=\"fusion-separator-border sep-single sep-solid\" style=\"--awb-height:20px;--awb-amount:20px;--awb-sep-color:#ef682a;border-color:#ef682a;border-top-width:2px;\"><\/div><\/div><div class=\"fusion-text fusion-text-6\"><h3 style=\"text-align: center; color: #ffffff; font-weight: 400;\">Colaboremos en tu pr\u00f3ximo proyecto<\/h3>\n<\/div><div style=\"text-align:center;\"><a class=\"fusion-button button-flat button-large button-default fusion-button-default button-2 fusion-button-default-span \" style=\"--awb-margin-top:30px;\" target=\"_self\" href=\"https:\/\/aggressiveeng.com\/contact-us\/\"><span class=\"fusion-button-text awb-button__text awb-button__text--default\">CONT\u00c1CTANOS<\/span><\/a><\/div><\/div><\/div><\/div><\/div><\/p>\n","protected":false},"excerpt":{"rendered":"","protected":false},"author":1,"featured_media":0,"parent":0,"menu_order":0,"comment_status":"open","ping_status":"closed","template":"100-width.php","meta":{"footnotes":""},"class_list":["post-7982","page","type-page","status-publish","hentry"],"yoast_head":"<!-- This site is optimized with the Yoast SEO plugin v27.4 - https:\/\/yoast.com\/product\/yoast-seo-wordpress\/ -->\n<title>Aggressive Engineering | Fabricante de herramientas y matrices | Minneapolis, MN | Matrices<\/title>\n<meta name=\"description\" content=\"Suministramos herramientas y matrices para las industrias recreativa, electr\u00f3nica, m\u00e9dica, agr\u00edcola, de defensa, automovil\u00edstica y aeroespacial.\" \/>\n<meta name=\"robots\" content=\"index, follow, max-snippet:-1, max-image-preview:large, max-video-preview:-1\" \/>\n<link rel=\"canonical\" href=\"https:\/\/aggressiveeng.com\/es\/acerca-de\/\" \/>\n<meta property=\"og:locale\" content=\"es_ES\" \/>\n<meta property=\"og:type\" content=\"article\" \/>\n<meta property=\"og:title\" content=\"Aggressive Engineering | Fabricante de herramientas y matrices | Minneapolis, MN | Matrices\" \/>\n<meta property=\"og:description\" content=\"Suministramos herramientas y matrices para las industrias recreativa, electr\u00f3nica, m\u00e9dica, agr\u00edcola, de defensa, automovil\u00edstica y aeroespacial.\" \/>\n<meta property=\"og:url\" content=\"https:\/\/aggressiveeng.com\/es\/acerca-de\/\" \/>\n<meta property=\"og:site_name\" content=\"Aggressive Engineering\" \/>\n<meta property=\"article:modified_time\" content=\"2024-09-09T16:30:31+00:00\" \/>\n<meta name=\"twitter:card\" content=\"summary_large_image\" \/>\n<meta name=\"twitter:label1\" content=\"Tiempo de lectura\" \/>\n\t<meta name=\"twitter:data1\" content=\"16 minutos\" \/>\n<script type=\"application\/ld+json\" class=\"yoast-schema-graph\">{\"@context\":\"https:\\\/\\\/schema.org\",\"@graph\":[{\"@type\":\"WebPage\",\"@id\":\"https:\\\/\\\/aggressiveeng.com\\\/es\\\/acerca-de\\\/\",\"url\":\"https:\\\/\\\/aggressiveeng.com\\\/es\\\/acerca-de\\\/\",\"name\":\"Aggressive Engineering | Fabricante de herramientas y matrices | Minneapolis, MN | Matrices\",\"isPartOf\":{\"@id\":\"https:\\\/\\\/aggressiveeng.com\\\/#website\"},\"datePublished\":\"2015-02-20T20:12:25+00:00\",\"dateModified\":\"2024-09-09T16:30:31+00:00\",\"description\":\"Suministramos herramientas y matrices para las industrias recreativa, electr\u00f3nica, m\u00e9dica, agr\u00edcola, de defensa, automovil\u00edstica y aeroespacial.\",\"breadcrumb\":{\"@id\":\"https:\\\/\\\/aggressiveeng.com\\\/es\\\/acerca-de\\\/#breadcrumb\"},\"inLanguage\":\"es\",\"potentialAction\":[{\"@type\":\"ReadAction\",\"target\":[\"https:\\\/\\\/aggressiveeng.com\\\/es\\\/acerca-de\\\/\"]}]},{\"@type\":\"BreadcrumbList\",\"@id\":\"https:\\\/\\\/aggressiveeng.com\\\/es\\\/acerca-de\\\/#breadcrumb\",\"itemListElement\":[{\"@type\":\"ListItem\",\"position\":1,\"name\":\"Home\",\"item\":\"https:\\\/\\\/aggressiveeng.com\\\/es\\\/inicio\\\/\"},{\"@type\":\"ListItem\",\"position\":2,\"name\":\"Acerca de\"}]},{\"@type\":\"WebSite\",\"@id\":\"https:\\\/\\\/aggressiveeng.com\\\/#website\",\"url\":\"https:\\\/\\\/aggressiveeng.com\\\/\",\"name\":\"Aggressive Engineering\",\"description\":\"Precision Diemakers\",\"potentialAction\":[{\"@type\":\"SearchAction\",\"target\":{\"@type\":\"EntryPoint\",\"urlTemplate\":\"https:\\\/\\\/aggressiveeng.com\\\/?s={search_term_string}\"},\"query-input\":{\"@type\":\"PropertyValueSpecification\",\"valueRequired\":true,\"valueName\":\"search_term_string\"}}],\"inLanguage\":\"es\"}]}<\/script>\n<!-- \/ Yoast SEO plugin. -->","yoast_head_json":{"title":"Aggressive Engineering | Fabricante de herramientas y matrices | Minneapolis, MN | Matrices","description":"Suministramos herramientas y matrices para las industrias recreativa, electr\u00f3nica, m\u00e9dica, agr\u00edcola, de defensa, automovil\u00edstica y aeroespacial.","robots":{"index":"index","follow":"follow","max-snippet":"max-snippet:-1","max-image-preview":"max-image-preview:large","max-video-preview":"max-video-preview:-1"},"canonical":"https:\/\/aggressiveeng.com\/es\/acerca-de\/","og_locale":"es_ES","og_type":"article","og_title":"Aggressive Engineering | Fabricante de herramientas y matrices | Minneapolis, MN | Matrices","og_description":"Suministramos herramientas y matrices para las industrias recreativa, electr\u00f3nica, m\u00e9dica, agr\u00edcola, de defensa, automovil\u00edstica y aeroespacial.","og_url":"https:\/\/aggressiveeng.com\/es\/acerca-de\/","og_site_name":"Aggressive Engineering","article_modified_time":"2024-09-09T16:30:31+00:00","twitter_card":"summary_large_image","twitter_misc":{"Tiempo de lectura":"16 minutos"},"schema":{"@context":"https:\/\/schema.org","@graph":[{"@type":"WebPage","@id":"https:\/\/aggressiveeng.com\/es\/acerca-de\/","url":"https:\/\/aggressiveeng.com\/es\/acerca-de\/","name":"Aggressive Engineering | Fabricante de herramientas y matrices | Minneapolis, MN | Matrices","isPartOf":{"@id":"https:\/\/aggressiveeng.com\/#website"},"datePublished":"2015-02-20T20:12:25+00:00","dateModified":"2024-09-09T16:30:31+00:00","description":"Suministramos herramientas y matrices para las industrias recreativa, electr\u00f3nica, m\u00e9dica, agr\u00edcola, de defensa, automovil\u00edstica y aeroespacial.","breadcrumb":{"@id":"https:\/\/aggressiveeng.com\/es\/acerca-de\/#breadcrumb"},"inLanguage":"es","potentialAction":[{"@type":"ReadAction","target":["https:\/\/aggressiveeng.com\/es\/acerca-de\/"]}]},{"@type":"BreadcrumbList","@id":"https:\/\/aggressiveeng.com\/es\/acerca-de\/#breadcrumb","itemListElement":[{"@type":"ListItem","position":1,"name":"Home","item":"https:\/\/aggressiveeng.com\/es\/inicio\/"},{"@type":"ListItem","position":2,"name":"Acerca de"}]},{"@type":"WebSite","@id":"https:\/\/aggressiveeng.com\/#website","url":"https:\/\/aggressiveeng.com\/","name":"Aggressive Engineering","description":"Precision Diemakers","potentialAction":[{"@type":"SearchAction","target":{"@type":"EntryPoint","urlTemplate":"https:\/\/aggressiveeng.com\/?s={search_term_string}"},"query-input":{"@type":"PropertyValueSpecification","valueRequired":true,"valueName":"search_term_string"}}],"inLanguage":"es"}]}},"_links":{"self":[{"href":"https:\/\/aggressiveeng.com\/es\/wp-json\/wp\/v2\/pages\/7982","targetHints":{"allow":["GET"]}}],"collection":[{"href":"https:\/\/aggressiveeng.com\/es\/wp-json\/wp\/v2\/pages"}],"about":[{"href":"https:\/\/aggressiveeng.com\/es\/wp-json\/wp\/v2\/types\/page"}],"author":[{"embeddable":true,"href":"https:\/\/aggressiveeng.com\/es\/wp-json\/wp\/v2\/users\/1"}],"replies":[{"embeddable":true,"href":"https:\/\/aggressiveeng.com\/es\/wp-json\/wp\/v2\/comments?post=7982"}],"version-history":[{"count":2,"href":"https:\/\/aggressiveeng.com\/es\/wp-json\/wp\/v2\/pages\/7982\/revisions"}],"predecessor-version":[{"id":7986,"href":"https:\/\/aggressiveeng.com\/es\/wp-json\/wp\/v2\/pages\/7982\/revisions\/7986"}],"wp:attachment":[{"href":"https:\/\/aggressiveeng.com\/es\/wp-json\/wp\/v2\/media?parent=7982"}],"curies":[{"name":"wp","href":"https:\/\/api.w.org\/{rel}","templated":true}]}}