{"id":8031,"date":"2021-09-22T18:31:42","date_gmt":"2021-09-22T18:31:42","guid":{"rendered":"https:\/\/aggressiveeng.com\/politica-de-privacidad\/"},"modified":"2024-09-09T16:34:01","modified_gmt":"2024-09-09T16:34:01","slug":"politica-de-privacidad","status":"publish","type":"page","link":"https:\/\/aggressiveeng.com\/es\/politica-de-privacidad\/","title":{"rendered":"Pol\u00edtica de privacidad"},"content":{"rendered":"<div class=\"fusion-fullwidth fullwidth-box fusion-builder-row-1 fusion-flex-container nonhundred-percent-fullwidth non-hundred-percent-height-scrolling\" style=\"--awb-border-radius-top-left:0px;--awb-border-radius-top-right:0px;--awb-border-radius-bottom-right:0px;--awb-border-radius-bottom-left:0px;--awb-flex-wrap:wrap;\" ><div class=\"fusion-builder-row fusion-row fusion-flex-align-items-flex-start fusion-flex-content-wrap\" style=\"max-width:1216.8px;margin-left: calc(-4% \/ 2 );margin-right: calc(-4% \/ 2 );\"><div class=\"fusion-layout-column fusion_builder_column fusion-builder-column-0 fusion_builder_column_1_1 1_1 fusion-flex-column\" style=\"--awb-bg-size:cover;--awb-width-large:100%;--awb-margin-top-large:0px;--awb-spacing-right-large:1.92%;--awb-margin-bottom-large:20px;--awb-spacing-left-large:1.92%;--awb-width-medium:100%;--awb-order-medium:0;--awb-spacing-right-medium:1.92%;--awb-spacing-left-medium:1.92%;--awb-width-small:100%;--awb-order-small:0;--awb-spacing-right-small:1.92%;--awb-spacing-left-small:1.92%;\"><div class=\"fusion-column-wrapper fusion-column-has-shadow fusion-flex-justify-content-flex-start fusion-content-layout-column\"><div class=\"fusion-text fusion-text-1\"><h1>Pol\u00edtica de privacidad de Ingenier\u00eda Agresiva<\/h1>\n<p>  En Ingenier\u00eda Agresiva, accesible desde https:\/\/aggressiveeng.com, una de nuestras principales prioridades es la privacidad de nuestros visitantes.<br \/>\nEste documento de Pol\u00edtica de Privacidad contiene los tipos de informaci\u00f3n que recoge y registra Aggressive Engineering y c\u00f3mo la utilizamos.<br \/>\nSi tienes preguntas adicionales o necesitas m\u00e1s informaci\u00f3n sobre nuestra Pol\u00edtica de Privacidad, no dudes en ponerte en contacto con nosotros.<br \/>\nEsta Pol\u00edtica de Privacidad se aplica s\u00f3lo a nuestras actividades en l\u00ednea y es v\u00e1lida para los visitantes de nuestro sitio web con respecto a la informaci\u00f3n que compartieron y\/o recogen en Ingenier\u00eda Agresiva .<br \/>\nEsta pol\u00edtica no es aplicable a ninguna informaci\u00f3n recopilada fuera de l\u00ednea o a trav\u00e9s de canales distintos de este sitio web.      <\/p>\n<h2>Consentimiento<\/h2>\n<p>  Al utilizar nuestro sitio web, aceptas nuestra Pol\u00edtica de privacidad y est\u00e1s de acuerdo con sus t\u00e9rminos.  <\/p>\n<h2>Informaci\u00f3n que recogemos<\/h2>\n<p>  La informaci\u00f3n personal que se te pide que proporciones, y las razones por las que se te pide que la proporciones, se te aclarar\u00e1n en el momento en que te pidamos que proporciones tu informaci\u00f3n personal.<br \/>\nSi te pones en contacto con nosotros directamente, podemos recibir informaci\u00f3n adicional sobre ti, como tu nombre, direcci\u00f3n de correo electr\u00f3nico, n\u00famero de tel\u00e9fono, el contenido del mensaje y\/o los archivos adjuntos que nos env\u00edes, y cualquier otra informaci\u00f3n que decidas proporcionarnos.<br \/>\nCuando te registras en una Cuenta, podemos pedirte tu informaci\u00f3n de contacto, incluyendo elementos como nombre, nombre de la empresa, direcci\u00f3n, direcci\u00f3n de correo electr\u00f3nico y n\u00famero de tel\u00e9fono.    <\/p>\n<h2>C\u00f3mo utilizamos tu informaci\u00f3n<\/h2>\n<p>  Utilizamos la informaci\u00f3n que recopilamos de varias formas, entre ellas para:  <\/p>\n<ul>\n<li>Proporcionar, operar y mantener nuestro sitio web<\/li>\n<li>Mejorar, personalizar y ampliar nuestro sitio web<\/li>\n<li>Comprender y analizar c\u00f3mo utilizas nuestro sitio web<\/li>\n<li>Desarrollar nuevos productos, servicios, caracter\u00edsticas y funcionalidades<\/li>\n<li>Comunicarnos contigo, ya sea directamente o a trav\u00e9s de uno de nuestros socios, incluso para el servicio de atenci\u00f3n al cliente, para proporcionarte actualizaciones y otra informaci\u00f3n relacionada con el sitio web, y con fines de marketing y promoci\u00f3n<\/li>\n<li>Enviarte correos electr\u00f3nicos<\/li>\n<li>Detectar y prevenir el fraude<\/li>\n<\/ul>\n<h2>Archivos de registro<\/h2>\n<p>  Aggressive Engineering sigue un procedimiento est\u00e1ndar de uso de archivos de registro.<br \/>\nEstos archivos registran a los visitantes cuando visitan los sitios web.<br \/>\nTodas las empresas de alojamiento hacen esto y forma parte de los an\u00e1lisis de los servicios de alojamiento.<br \/>\nLa informaci\u00f3n recogida por los archivos de registro incluye direcciones de protocolo de Internet (IP), tipo de navegador, proveedor de servicios de Internet (ISP), sello de fecha y hora, p\u00e1ginas de referencia\/salida y, posiblemente, el n\u00famero de clics.<br \/>\n\u00c9stos no est\u00e1n vinculados a ninguna informaci\u00f3n que sea personalmente identificable.<br \/>\nLa finalidad de la informaci\u00f3n es analizar tendencias, administrar el sitio, seguir los movimientos de los usuarios en el sitio web y recopilar informaci\u00f3n demogr\u00e1fica.       <\/p>\n<h2>Cookies y balizas web<\/h2>\n<p>  Como cualquier otro sitio web, Ingenier\u00eda Agresiva utiliza \u00abcookies\u00bb.<br \/>\nEstas cookies se utilizan para almacenar informaci\u00f3n, incluidas las preferencias de los visitantes y las p\u00e1ginas del sitio web a las que el visitante accedi\u00f3 o visit\u00f3.<br \/>\nLa informaci\u00f3n se utiliza para optimizar la experiencia de los usuarios personalizando el contenido de nuestra p\u00e1gina web en funci\u00f3n del tipo de navegador de los visitantes y\/u otra informaci\u00f3n.<br \/>\nPara obtener m\u00e1s informaci\u00f3n general sobre las cookies, lee <a href=\"https:\/\/www.generateprivacypolicy.com\/#cookies\"> el art\u00edculo \u00abCookies\u00bb del Generador de Pol\u00edtica de Privacidad<\/a>.     <\/p>\n<h2>Nuestros socios publicitarios<\/h2>\n<p>  Algunos de los anunciantes de nuestro sitio pueden utilizar cookies y balizas web.<br \/>\nNuestros socios publicitarios se enumeran a continuaci\u00f3n.<br \/>\nCada uno de nuestros socios publicitarios tiene su propia Pol\u00edtica de Privacidad para sus pol\u00edticas sobre los datos de los usuarios.<br \/>\nPara facilitar el acceso, a continuaci\u00f3n incluimos un hiperv\u00ednculo a sus Pol\u00edticas de Privacidad.     <\/p>\n<ul>\n<li>Google <a href=\"https:\/\/policies.google.com\/technologies\/ads\">https:\/\/policies.google.com\/technologies\/ads<\/a><\/li>\n<li>LinkedIn <a href=\"https:\/\/www.linkedin.com\/legal\/privacy-policy\">https:\/\/www.linkedin.com\/legal\/privacy-policy<\/a><\/li>\n<\/ul>\n<h2>Socios publicitarios Pol\u00edticas de privacidad<\/h2>\n<p>  Puedes consultar esta lista para encontrar la Pol\u00edtica de Privacidad de cada uno de los socios publicitarios de Ingenier\u00eda Agresiva .<br \/>\nLos servidores o redes publicitarias de terceros utilizan tecnolog\u00edas como cookies, JavaScript o Web Beacons que se emplean en sus respectivos anuncios y enlaces que aparecen en Ingenier\u00eda Agresiva , y que se env\u00edan directamente al navegador de los usuarios.<br \/>\nCuando esto ocurre, reciben autom\u00e1ticamente tu direcci\u00f3n IP.<br \/>\nEstas tecnolog\u00edas se utilizan para medir la eficacia de sus campa\u00f1as publicitarias y\/o para personalizar el contenido publicitario que ves en los sitios web que visitas.<br \/>\nTen en cuenta que Ingenier\u00eda Agresiva no tiene acceso ni control sobre estas cookies que son utilizadas por terceros anunciantes.      <\/p>\n<h2>Pol\u00edticas de privacidad de terceros<\/h2>\n<p>  La Pol\u00edtica de Privacidad de Aggressive Engineering no se aplica a otros anunciantes o sitios web. Por ello, te aconsejamos que consultes las respectivas Pol\u00edticas de Privacidad de estos servidores de anuncios de terceros para obtener informaci\u00f3n m\u00e1s detallada. Puede incluir sus pr\u00e1cticas e instrucciones sobre c\u00f3mo optar por no participar en determinadas opciones. Puedes optar por desactivar las cookies a trav\u00e9s de las opciones individuales de tu navegador. Para conocer informaci\u00f3n m\u00e1s detallada sobre la gesti\u00f3n de cookies con navegadores web espec\u00edficos, puedes encontrarla en los sitios web respectivos de los navegadores.  <\/p>\n<h2>Derechos de privacidad de la CCPA (No vender mis datos personales)<\/h2>\n<p>  En virtud de la CCPA, entre otros derechos, los consumidores de California tienen derecho a: Solicitar que una empresa que recopila datos personales de un consumidor revele las categor\u00edas y los datos personales espec\u00edficos que ha recopilado sobre los consumidores.<br \/>\nSolicitar que una empresa elimine cualquier dato personal sobre el consumidor que haya recopilado.<br \/>\nSolicitar que una empresa que venda datos personales de un consumidor no venda los datos personales del consumidor.<br \/>\nSi presentas una solicitud, tenemos un mes para responderte.<br \/>\nSi deseas ejercer alguno de estos derechos, ponte en contacto con nosotros.      <\/p>\n<h2>Derechos de protecci\u00f3n de datos GDPR<\/h2>\n<p>  Nos gustar\u00eda asegurarnos de que eres plenamente consciente de todos tus derechos en materia de protecci\u00f3n de datos.<br \/>\nTodo usuario tiene derecho a lo siguiente Derecho de acceso &#8211; Tienes derecho a solicitar copias de tus datos personales.<br \/>\nPodemos cobrarte una peque\u00f1a tarifa por este servicio.<br \/>\nDerecho de rectificaci\u00f3n &#8211; Tienes derecho a solicitar que corrijamos cualquier informaci\u00f3n que consideres inexacta.<br \/>\nTambi\u00e9n tienes derecho a solicitar que completemos la informaci\u00f3n que consideres incompleta.<br \/>\nDerecho de supresi\u00f3n &#8211; Tienes derecho a solicitar que borremos tus datos personales, en determinadas condiciones.<br \/>\nDerecho a restringir el tratamiento &#8211; Tienes derecho a solicitar que restrinjamos el tratamiento de tus datos personales, en determinadas condiciones.<br \/>\nDerecho a oponerte al tratamiento &#8211; Tienes derecho a oponerte al tratamiento de tus datos personales, en determinadas condiciones.<br \/>\nDerecho a la portabilidad de los datos &#8211; Tienes derecho a solicitar que transfiramos los datos que hemos recopilado a otra organizaci\u00f3n, o directamente a ti, en determinadas condiciones.<br \/>\nSi presentas una solicitud, tenemos un mes para responderte.<br \/>\nSi deseas ejercer alguno de estos derechos, ponte en contacto con nosotros.            <\/p>\n<h2>Informaci\u00f3n para ni\u00f1os<\/h2>\n<p>  Otra parte de nuestra prioridad es a\u00f1adir protecci\u00f3n para los menores mientras utilizan Internet.<br \/>\nAnimamos a los padres y tutores a que observen, participen y\/o supervisen y gu\u00eden su actividad online.<br \/>\nIngenier\u00eda Agresiva no recopila conscientemente ninguna Informaci\u00f3n de Identificaci\u00f3n Personal de ni\u00f1os menores de 13 a\u00f1os.<br \/>\nSi crees que tu hijo ha proporcionado este tipo de informaci\u00f3n en nuestro sitio web, te recomendamos encarecidamente que te pongas en contacto con nosotros inmediatamente y haremos todo lo posible para eliminar r\u00e1pidamente dicha informaci\u00f3n de nuestros registros.     <\/p>\n<\/div><\/div><\/div><\/div><\/div>\n","protected":false},"excerpt":{"rendered":"","protected":false},"author":1,"featured_media":0,"parent":0,"menu_order":0,"comment_status":"closed","ping_status":"closed","template":"","meta":{"footnotes":""},"class_list":["post-8031","page","type-page","status-publish","hentry"],"yoast_head":"<!-- This site is optimized with the Yoast SEO plugin v27.4 - https:\/\/yoast.com\/product\/yoast-seo-wordpress\/ -->\n<title>Pol\u00edtica de privacidad - Aggressive Engineering<\/title>\n<meta name=\"robots\" content=\"index, follow, max-snippet:-1, max-image-preview:large, max-video-preview:-1\" \/>\n<link rel=\"canonical\" href=\"https:\/\/aggressiveeng.com\/es\/politica-de-privacidad\/\" \/>\n<meta property=\"og:locale\" content=\"es_ES\" \/>\n<meta property=\"og:type\" content=\"article\" \/>\n<meta property=\"og:title\" content=\"Pol\u00edtica de privacidad - Aggressive Engineering\" \/>\n<meta property=\"og:url\" content=\"https:\/\/aggressiveeng.com\/es\/politica-de-privacidad\/\" \/>\n<meta property=\"og:site_name\" content=\"Aggressive Engineering\" \/>\n<meta property=\"article:modified_time\" content=\"2024-09-09T16:34:01+00:00\" \/>\n<meta name=\"twitter:card\" content=\"summary_large_image\" \/>\n<meta name=\"twitter:label1\" content=\"Tiempo de lectura\" \/>\n\t<meta name=\"twitter:data1\" content=\"10 minutos\" \/>\n<script type=\"application\/ld+json\" class=\"yoast-schema-graph\">{\"@context\":\"https:\\\/\\\/schema.org\",\"@graph\":[{\"@type\":\"WebPage\",\"@id\":\"https:\\\/\\\/aggressiveeng.com\\\/es\\\/politica-de-privacidad\\\/\",\"url\":\"https:\\\/\\\/aggressiveeng.com\\\/es\\\/politica-de-privacidad\\\/\",\"name\":\"Pol\u00edtica de privacidad - Aggressive Engineering\",\"isPartOf\":{\"@id\":\"https:\\\/\\\/aggressiveeng.com\\\/#website\"},\"datePublished\":\"2021-09-22T18:31:42+00:00\",\"dateModified\":\"2024-09-09T16:34:01+00:00\",\"breadcrumb\":{\"@id\":\"https:\\\/\\\/aggressiveeng.com\\\/es\\\/politica-de-privacidad\\\/#breadcrumb\"},\"inLanguage\":\"es\",\"potentialAction\":[{\"@type\":\"ReadAction\",\"target\":[\"https:\\\/\\\/aggressiveeng.com\\\/es\\\/politica-de-privacidad\\\/\"]}]},{\"@type\":\"BreadcrumbList\",\"@id\":\"https:\\\/\\\/aggressiveeng.com\\\/es\\\/politica-de-privacidad\\\/#breadcrumb\",\"itemListElement\":[{\"@type\":\"ListItem\",\"position\":1,\"name\":\"Home\",\"item\":\"https:\\\/\\\/aggressiveeng.com\\\/es\\\/inicio\\\/\"},{\"@type\":\"ListItem\",\"position\":2,\"name\":\"Pol\u00edtica de privacidad\"}]},{\"@type\":\"WebSite\",\"@id\":\"https:\\\/\\\/aggressiveeng.com\\\/#website\",\"url\":\"https:\\\/\\\/aggressiveeng.com\\\/\",\"name\":\"Aggressive Engineering\",\"description\":\"Precision Diemakers\",\"potentialAction\":[{\"@type\":\"SearchAction\",\"target\":{\"@type\":\"EntryPoint\",\"urlTemplate\":\"https:\\\/\\\/aggressiveeng.com\\\/?s={search_term_string}\"},\"query-input\":{\"@type\":\"PropertyValueSpecification\",\"valueRequired\":true,\"valueName\":\"search_term_string\"}}],\"inLanguage\":\"es\"}]}<\/script>\n<!-- \/ Yoast SEO plugin. -->","yoast_head_json":{"title":"Pol\u00edtica de privacidad - Aggressive Engineering","robots":{"index":"index","follow":"follow","max-snippet":"max-snippet:-1","max-image-preview":"max-image-preview:large","max-video-preview":"max-video-preview:-1"},"canonical":"https:\/\/aggressiveeng.com\/es\/politica-de-privacidad\/","og_locale":"es_ES","og_type":"article","og_title":"Pol\u00edtica de privacidad - Aggressive Engineering","og_url":"https:\/\/aggressiveeng.com\/es\/politica-de-privacidad\/","og_site_name":"Aggressive Engineering","article_modified_time":"2024-09-09T16:34:01+00:00","twitter_card":"summary_large_image","twitter_misc":{"Tiempo de lectura":"10 minutos"},"schema":{"@context":"https:\/\/schema.org","@graph":[{"@type":"WebPage","@id":"https:\/\/aggressiveeng.com\/es\/politica-de-privacidad\/","url":"https:\/\/aggressiveeng.com\/es\/politica-de-privacidad\/","name":"Pol\u00edtica de privacidad - Aggressive Engineering","isPartOf":{"@id":"https:\/\/aggressiveeng.com\/#website"},"datePublished":"2021-09-22T18:31:42+00:00","dateModified":"2024-09-09T16:34:01+00:00","breadcrumb":{"@id":"https:\/\/aggressiveeng.com\/es\/politica-de-privacidad\/#breadcrumb"},"inLanguage":"es","potentialAction":[{"@type":"ReadAction","target":["https:\/\/aggressiveeng.com\/es\/politica-de-privacidad\/"]}]},{"@type":"BreadcrumbList","@id":"https:\/\/aggressiveeng.com\/es\/politica-de-privacidad\/#breadcrumb","itemListElement":[{"@type":"ListItem","position":1,"name":"Home","item":"https:\/\/aggressiveeng.com\/es\/inicio\/"},{"@type":"ListItem","position":2,"name":"Pol\u00edtica de privacidad"}]},{"@type":"WebSite","@id":"https:\/\/aggressiveeng.com\/#website","url":"https:\/\/aggressiveeng.com\/","name":"Aggressive Engineering","description":"Precision Diemakers","potentialAction":[{"@type":"SearchAction","target":{"@type":"EntryPoint","urlTemplate":"https:\/\/aggressiveeng.com\/?s={search_term_string}"},"query-input":{"@type":"PropertyValueSpecification","valueRequired":true,"valueName":"search_term_string"}}],"inLanguage":"es"}]}},"_links":{"self":[{"href":"https:\/\/aggressiveeng.com\/es\/wp-json\/wp\/v2\/pages\/8031","targetHints":{"allow":["GET"]}}],"collection":[{"href":"https:\/\/aggressiveeng.com\/es\/wp-json\/wp\/v2\/pages"}],"about":[{"href":"https:\/\/aggressiveeng.com\/es\/wp-json\/wp\/v2\/types\/page"}],"author":[{"embeddable":true,"href":"https:\/\/aggressiveeng.com\/es\/wp-json\/wp\/v2\/users\/1"}],"replies":[{"embeddable":true,"href":"https:\/\/aggressiveeng.com\/es\/wp-json\/wp\/v2\/comments?post=8031"}],"version-history":[{"count":1,"href":"https:\/\/aggressiveeng.com\/es\/wp-json\/wp\/v2\/pages\/8031\/revisions"}],"predecessor-version":[{"id":8036,"href":"https:\/\/aggressiveeng.com\/es\/wp-json\/wp\/v2\/pages\/8031\/revisions\/8036"}],"wp:attachment":[{"href":"https:\/\/aggressiveeng.com\/es\/wp-json\/wp\/v2\/media?parent=8031"}],"curies":[{"name":"wp","href":"https:\/\/api.w.org\/{rel}","templated":true}]}}